{"id":100916,"date":"2024-03-20T17:19:52","date_gmt":"2024-03-20T16:19:52","guid":{"rendered":"https:\/\/kustomshop.kinsta.cloud\/produkt\/evolve-zip-pocket-shorts-m\/"},"modified":"2026-03-27T15:37:04","modified_gmt":"2026-03-27T14:37:04","slug":"evolve-zip-pocket-shorts-m","status":"publish","type":"product","link":"https:\/\/shop.kustom.ch\/fr\/produit\/evolve-zip-pocket-shorts-m\/","title":{"rendered":"Short Evolve Zip Pocket M"},"content":{"rendered":"<p>Les shorts Evolve Zip Pocket sont des shorts d'entra\u00eenement r\u00e9sistants en tissu stretch et dot\u00e9s de poches zipp\u00e9es qui offrent une excellente \u00e9vacuation de l'humidit\u00e9 lors d'un entra\u00eenement intensif. Le short est fabriqu\u00e9 \u00e0 partir de mat\u00e9riaux recycl\u00e9s afin de r\u00e9duire notre empreinte \u00e9cologique. La ceinture \u00e9lastique avec cordon de serrage assure un maintien optimal. Poches \u00e0 fermeture \u00e9clair.<\/p>\n<p>- Tissu ext\u00e9rieur trait\u00e9 DWR sans PFC (durablement d\u00e9perlant)<br \/>\n- WP 5.000\/MVP 5.000)<br \/>\n- Capuche amovible et r\u00e9glable<br \/>\n- Fermetures \u00e0 glissi\u00e8re hydrofuges \u00e0 l'avant et sur les poches lat\u00e9rales<br \/>\n- poche int\u00e9rieure avec fermeture \u00e9clair<\/p>\n<p>Mat\u00e9riau : 100% polyester recycl\u00e9<\/p>","protected":false},"excerpt":{"rendered":"<p><span><\/span><\/p>","protected":false},"featured_media":100915,"template":"","meta":[],"product_brand":[],"product_cat":[4198],"product_tag":[],"class_list":{"0":"post-100916","1":"product","2":"type-product","3":"status-publish","4":"has-post-thumbnail","6":"product_cat-shorts","7":"pa_brand-craft-teamwear","8":"pa_brand-type-sportswear","9":"pa_filter-color-blau","10":"pa_filter-color-grau","11":"pa_filter-color-schwarz","13":"first","14":"instock","15":"sale","16":"taxable","17":"shipping-taxable","18":"purchasable","19":"product-type-variable","20":"add-to-wishlist-before_image"},"exclude_global_add_ons":[],"addons":[],"acf":[],"_links":{"self":[{"href":"https:\/\/shop.kustom.ch\/fr\/wp-json\/wp\/v2\/product\/100916"}],"collection":[{"href":"https:\/\/shop.kustom.ch\/fr\/wp-json\/wp\/v2\/product"}],"about":[{"href":"https:\/\/shop.kustom.ch\/fr\/wp-json\/wp\/v2\/types\/product"}],"wp:featuredmedia":[{"embeddable":true,"href":"https:\/\/shop.kustom.ch\/fr\/wp-json\/wp\/v2\/media\/100915"}],"wp:attachment":[{"href":"https:\/\/shop.kustom.ch\/fr\/wp-json\/wp\/v2\/media?parent=100916"}],"wp:term":[{"taxonomy":"product_brand","embeddable":true,"href":"https:\/\/shop.kustom.ch\/fr\/wp-json\/wp\/v2\/product_brand?post=100916"},{"taxonomy":"product_cat","embeddable":true,"href":"https:\/\/shop.kustom.ch\/fr\/wp-json\/wp\/v2\/product_cat?post=100916"},{"taxonomy":"product_tag","embeddable":true,"href":"https:\/\/shop.kustom.ch\/fr\/wp-json\/wp\/v2\/product_tag?post=100916"}],"curies":[{"name":"wp","href":"https:\/\/api.w.org\/{rel}","templated":true}]}}