{"id":100767,"date":"2024-03-20T17:19:09","date_gmt":"2024-03-20T16:19:09","guid":{"rendered":"https:\/\/kustomshop.kinsta.cloud\/produkt\/evolve-tee-w\/"},"modified":"2026-03-27T15:44:38","modified_gmt":"2026-03-27T14:44:38","slug":"evolve-tee-w","status":"publish","type":"product","link":"https:\/\/shop.kustom.ch\/fr\/produit\/evolve-tee-w\/","title":{"rendered":"Tee Evolve W"},"content":{"rendered":"<p>Evolve Tee est un maillot d'entra\u00eenement l\u00e9ger qui offre une excellente \u00e9vacuation de l'humidit\u00e9 lors d'un entra\u00eenement intensif. Fabriqu\u00e9 \u00e0 partir de mat\u00e9riaux recycl\u00e9s pour r\u00e9duire notre empreinte \u00e9cologique, ce t-shirt est dot\u00e9 d'inserts en mesh sous les aisselles pour une meilleure ventilation. Les manches raglan garantissent une libert\u00e9 de mouvement optimale. Col int\u00e9rieur c\u00f4tel\u00e9 et extr\u00e9mit\u00e9s des manches c\u00f4tel\u00e9es.<\/p>\n<p>- Coupe ajust\u00e9e<br \/>\n- Motifs de tricot et zones climatiques sp\u00e9ciales<br \/>\n- les coutures plates s'adaptent aux mouvements du corps<br \/>\n- En fil recycl\u00e9<\/p>\n<p>Mat\u00e9riau : 100% polyester recycl\u00e9<\/p>","protected":false},"excerpt":{"rendered":"<p><span><\/span><\/p>","protected":false},"featured_media":100766,"template":"","meta":[],"product_brand":[],"product_cat":[4201],"product_tag":[],"class_list":{"0":"post-100767","1":"product","2":"type-product","3":"status-publish","4":"has-post-thumbnail","6":"product_cat-t-shirts","7":"pa_brand-craft-teamwear","8":"pa_brand-type-sportswear","9":"pa_filter-color-blau","10":"pa_filter-color-grau","11":"pa_filter-color-gruen","12":"pa_filter-color-rot","13":"pa_filter-color-schwarz","14":"pa_filter-color-weiss","16":"first","17":"instock","18":"sale","19":"taxable","20":"shipping-taxable","21":"purchasable","22":"product-type-variable","23":"add-to-wishlist-before_image"},"exclude_global_add_ons":[],"addons":[],"acf":[],"_links":{"self":[{"href":"https:\/\/shop.kustom.ch\/fr\/wp-json\/wp\/v2\/product\/100767"}],"collection":[{"href":"https:\/\/shop.kustom.ch\/fr\/wp-json\/wp\/v2\/product"}],"about":[{"href":"https:\/\/shop.kustom.ch\/fr\/wp-json\/wp\/v2\/types\/product"}],"wp:featuredmedia":[{"embeddable":true,"href":"https:\/\/shop.kustom.ch\/fr\/wp-json\/wp\/v2\/media\/100766"}],"wp:attachment":[{"href":"https:\/\/shop.kustom.ch\/fr\/wp-json\/wp\/v2\/media?parent=100767"}],"wp:term":[{"taxonomy":"product_brand","embeddable":true,"href":"https:\/\/shop.kustom.ch\/fr\/wp-json\/wp\/v2\/product_brand?post=100767"},{"taxonomy":"product_cat","embeddable":true,"href":"https:\/\/shop.kustom.ch\/fr\/wp-json\/wp\/v2\/product_cat?post=100767"},{"taxonomy":"product_tag","embeddable":true,"href":"https:\/\/shop.kustom.ch\/fr\/wp-json\/wp\/v2\/product_tag?post=100767"}],"curies":[{"name":"wp","href":"https:\/\/api.w.org\/{rel}","templated":true}]}}