{"id":100707,"date":"2024-03-20T17:18:53","date_gmt":"2024-03-20T16:18:53","guid":{"rendered":"https:\/\/kustomshop.kinsta.cloud\/produkt\/transit-backpack\/"},"modified":"2026-03-27T14:17:18","modified_gmt":"2026-03-27T13:17:18","slug":"transit-backpack","status":"publish","type":"product","link":"https:\/\/shop.kustom.ch\/fr\/produit\/transit-backpack\/","title":{"rendered":"Sac \u00e0 dos Transit"},"content":{"rendered":"<p>Sac \u00e0 dos polyvalent avec polyester r\u00e9sistant \u00e0 l'ext\u00e9rieur et rev\u00eatement PU renforc\u00e9 \u00e0 l'int\u00e9rieur. Filet pour balles, compartiments pour ordinateur portable et bouteille d'eau et petite poche ext\u00e9rieure pratique. Disponible en noir.<\/p>\n<p>Mat\u00e9riau : Mat\u00e9riau 1 : 300D 100% Polyester PU backing Mat\u00e9riau 2 : 600D 100% Polyester PU backing<\/p>","protected":false},"excerpt":{"rendered":"<p><span><\/span><\/p>","protected":false},"featured_media":100706,"template":"","meta":[],"product_brand":[],"product_cat":[9643,4195],"product_tag":[],"class_list":{"0":"post-100707","1":"product","2":"type-product","3":"status-publish","4":"has-post-thumbnail","6":"product_cat-equipment","7":"product_cat-rucksaecke-taschen","8":"pa_brand-craft-retail-sportswear","9":"pa_brand-type-sportswear","10":"pa_filter-color-schwarz","12":"first","13":"instock","14":"sale","15":"taxable","16":"shipping-taxable","17":"purchasable","18":"product-type-variable","19":"add-to-wishlist-before_image"},"exclude_global_add_ons":[],"addons":[],"acf":[],"_links":{"self":[{"href":"https:\/\/shop.kustom.ch\/fr\/wp-json\/wp\/v2\/product\/100707"}],"collection":[{"href":"https:\/\/shop.kustom.ch\/fr\/wp-json\/wp\/v2\/product"}],"about":[{"href":"https:\/\/shop.kustom.ch\/fr\/wp-json\/wp\/v2\/types\/product"}],"wp:featuredmedia":[{"embeddable":true,"href":"https:\/\/shop.kustom.ch\/fr\/wp-json\/wp\/v2\/media\/100706"}],"wp:attachment":[{"href":"https:\/\/shop.kustom.ch\/fr\/wp-json\/wp\/v2\/media?parent=100707"}],"wp:term":[{"taxonomy":"product_brand","embeddable":true,"href":"https:\/\/shop.kustom.ch\/fr\/wp-json\/wp\/v2\/product_brand?post=100707"},{"taxonomy":"product_cat","embeddable":true,"href":"https:\/\/shop.kustom.ch\/fr\/wp-json\/wp\/v2\/product_cat?post=100707"},{"taxonomy":"product_tag","embeddable":true,"href":"https:\/\/shop.kustom.ch\/fr\/wp-json\/wp\/v2\/product_tag?post=100707"}],"curies":[{"name":"wp","href":"https:\/\/api.w.org\/{rel}","templated":true}]}}