{"id":100695,"date":"2024-03-20T17:18:40","date_gmt":"2024-03-20T16:18:40","guid":{"rendered":"https:\/\/kustomshop.kinsta.cloud\/produkt\/transit-equipment-bag-65-l\/"},"modified":"2026-03-27T15:00:56","modified_gmt":"2026-03-27T14:00:56","slug":"transit-equipment-bag-65-l","status":"publish","type":"product","link":"https:\/\/shop.kustom.ch\/fr\/produit\/transit-equipment-bag-65-l\/","title":{"rendered":"Sac d'\u00e9quipement Transit 65 L"},"content":{"rendered":"<p>Sac de sport polyvalent de taille moyenne avec polyester r\u00e9sistant \u00e0 l'ext\u00e9rieur et rev\u00eatement PU renforc\u00e9 \u00e0 l'int\u00e9rieur, ainsi qu'un compartiment int\u00e9rieur imperm\u00e9able. Deux poches ext\u00e9rieures, fermeture \u00e9clair lat\u00e9rale pour un acc\u00e8s facile et bandouli\u00e8res ergonomiques. Disponible en noir. 65 litres.<\/p>\n<p>Mat\u00e9riau : Tissu 1 : 300D 100% Polyester PU backing Tissu 2 : 600D 100% Polyester PU backing<\/p>","protected":false},"excerpt":{"rendered":"<p><span><\/span><\/p>","protected":false},"featured_media":100694,"template":"","meta":[],"product_brand":[],"product_cat":[9643,4195],"product_tag":[],"class_list":{"0":"post-100695","1":"product","2":"type-product","3":"status-publish","4":"has-post-thumbnail","6":"product_cat-equipment","7":"product_cat-rucksaecke-taschen","8":"pa_brand-craft-teamwear","9":"pa_brand-type-sportswear","10":"pa_filter-color-schwarz","12":"first","13":"instock","14":"sale","15":"taxable","16":"shipping-taxable","17":"purchasable","18":"product-type-variable","19":"add-to-wishlist-before_image"},"exclude_global_add_ons":[],"addons":[],"acf":[],"_links":{"self":[{"href":"https:\/\/shop.kustom.ch\/fr\/wp-json\/wp\/v2\/product\/100695"}],"collection":[{"href":"https:\/\/shop.kustom.ch\/fr\/wp-json\/wp\/v2\/product"}],"about":[{"href":"https:\/\/shop.kustom.ch\/fr\/wp-json\/wp\/v2\/types\/product"}],"wp:featuredmedia":[{"embeddable":true,"href":"https:\/\/shop.kustom.ch\/fr\/wp-json\/wp\/v2\/media\/100694"}],"wp:attachment":[{"href":"https:\/\/shop.kustom.ch\/fr\/wp-json\/wp\/v2\/media?parent=100695"}],"wp:term":[{"taxonomy":"product_brand","embeddable":true,"href":"https:\/\/shop.kustom.ch\/fr\/wp-json\/wp\/v2\/product_brand?post=100695"},{"taxonomy":"product_cat","embeddable":true,"href":"https:\/\/shop.kustom.ch\/fr\/wp-json\/wp\/v2\/product_cat?post=100695"},{"taxonomy":"product_tag","embeddable":true,"href":"https:\/\/shop.kustom.ch\/fr\/wp-json\/wp\/v2\/product_tag?post=100695"}],"curies":[{"name":"wp","href":"https:\/\/api.w.org\/{rel}","templated":true}]}}