{"id":100649,"date":"2024-03-20T17:18:22","date_gmt":"2024-03-20T16:18:22","guid":{"rendered":"https:\/\/kustomshop.kinsta.cloud\/produkt\/adv-essence-ss-tee-w\/"},"modified":"2026-03-27T15:05:15","modified_gmt":"2026-03-27T14:05:15","slug":"adv-essence-ss-tee-w","status":"publish","type":"product","link":"https:\/\/shop.kustom.ch\/fr\/produit\/adv-essence-ss-tee-w\/","title":{"rendered":"ADV Essence SS Tee W"},"content":{"rendered":"<p>T-shirt d'entra\u00eenement de haute qualit\u00e9 en polyester recycl\u00e9 doux avec un transfert d'humidit\u00e9 efficace pour un entra\u00eenement intensif au quotidien. Design ergonomique moul\u00e9 pour un ajustement optimal et d\u00e9tails en mesh pour une ventilation suppl\u00e9mentaire.<br \/>\n- Maillot en polyester doux avec d\u00e9tails en mesh pour une bonne \u00e9vacuation de l'humidit\u00e9<br \/>\n- Coupe normale<br \/>\n- Logo Craft sur le devant<br \/>\n- Logo Six Dots au dos<\/p>\n<p>Mat\u00e9riau : Corps 95% polyester recycl\u00e9 5% \u00e9lasthanne Corps sup\u00e9rieur arri\u00e8re 100% polyester recycl\u00e9<\/p>","protected":false},"excerpt":{"rendered":"<p><span><\/span><\/p>","protected":false},"featured_media":100648,"template":"","meta":[],"product_brand":[],"product_cat":[4201],"product_tag":[],"class_list":{"0":"post-100649","1":"product","2":"type-product","3":"status-publish","4":"has-post-thumbnail","6":"product_cat-t-shirts","7":"pa_brand-craft-retail-sportswear","8":"pa_brand-type-sportswear","9":"pa_filter-color-rot","10":"pa_filter-color-schwarz","11":"pa_filter-color-weiss","13":"first","14":"instock","15":"sale","16":"taxable","17":"shipping-taxable","18":"purchasable","19":"product-type-variable","20":"add-to-wishlist-before_image"},"exclude_global_add_ons":[],"addons":[],"acf":[],"_links":{"self":[{"href":"https:\/\/shop.kustom.ch\/fr\/wp-json\/wp\/v2\/product\/100649"}],"collection":[{"href":"https:\/\/shop.kustom.ch\/fr\/wp-json\/wp\/v2\/product"}],"about":[{"href":"https:\/\/shop.kustom.ch\/fr\/wp-json\/wp\/v2\/types\/product"}],"wp:featuredmedia":[{"embeddable":true,"href":"https:\/\/shop.kustom.ch\/fr\/wp-json\/wp\/v2\/media\/100648"}],"wp:attachment":[{"href":"https:\/\/shop.kustom.ch\/fr\/wp-json\/wp\/v2\/media?parent=100649"}],"wp:term":[{"taxonomy":"product_brand","embeddable":true,"href":"https:\/\/shop.kustom.ch\/fr\/wp-json\/wp\/v2\/product_brand?post=100649"},{"taxonomy":"product_cat","embeddable":true,"href":"https:\/\/shop.kustom.ch\/fr\/wp-json\/wp\/v2\/product_cat?post=100649"},{"taxonomy":"product_tag","embeddable":true,"href":"https:\/\/shop.kustom.ch\/fr\/wp-json\/wp\/v2\/product_tag?post=100649"}],"curies":[{"name":"wp","href":"https:\/\/api.w.org\/{rel}","templated":true}]}}