{"id":100620,"date":"2024-03-20T17:18:07","date_gmt":"2024-03-20T16:18:07","guid":{"rendered":"https:\/\/kustomshop.kinsta.cloud\/produkt\/core-essence-thermal-multi-grip-glove\/"},"modified":"2026-03-27T14:17:15","modified_gmt":"2026-03-27T13:17:15","slug":"core-essence-thermal-multi-grip-glove","status":"publish","type":"product","link":"https:\/\/shop.kustom.ch\/fr\/produit\/core-essence-thermal-multi-grip-glove\/","title":{"rendered":"Gant multi-grip thermique Core Essence"},"content":{"rendered":"<p>Gants d'entra\u00eenement chauds et \u00e9lastiques en jersey thermique recycl\u00e9 gratt\u00e9 pour une chaleur optimale et un grand confort. Rev\u00eatement en silicone sur la paume de la main pour une adh\u00e9rence optimale.<br \/>\n- rev\u00eatement en silicone sur la paume de la main pour une prise en main optimale<br \/>\n- Jersey l\u00e9ger, gratt\u00e9 et \u00e9lastique<\/p>\n<p>Mati\u00e8re : 88% polyester recycl\u00e9 12% \u00e9lasthanne<\/p>","protected":false},"excerpt":{"rendered":"<p><span><\/span><\/p>","protected":false},"featured_media":100619,"template":"","meta":[],"product_brand":[],"product_cat":[4180],"product_tag":[],"class_list":{"0":"post-100620","1":"product","2":"type-product","3":"status-publish","4":"has-post-thumbnail","6":"product_cat-handschuhe","7":"pa_brand-craft-retail-sportswear","8":"pa_brand-type-sportswear","9":"pa_filter-color-gelb","10":"pa_filter-color-schwarz","12":"first","13":"outofstock","14":"sale","15":"taxable","16":"shipping-taxable","17":"purchasable","18":"product-type-variable","19":"add-to-wishlist-before_image"},"exclude_global_add_ons":[],"addons":[],"acf":[],"_links":{"self":[{"href":"https:\/\/shop.kustom.ch\/fr\/wp-json\/wp\/v2\/product\/100620"}],"collection":[{"href":"https:\/\/shop.kustom.ch\/fr\/wp-json\/wp\/v2\/product"}],"about":[{"href":"https:\/\/shop.kustom.ch\/fr\/wp-json\/wp\/v2\/types\/product"}],"wp:featuredmedia":[{"embeddable":true,"href":"https:\/\/shop.kustom.ch\/fr\/wp-json\/wp\/v2\/media\/100619"}],"wp:attachment":[{"href":"https:\/\/shop.kustom.ch\/fr\/wp-json\/wp\/v2\/media?parent=100620"}],"wp:term":[{"taxonomy":"product_brand","embeddable":true,"href":"https:\/\/shop.kustom.ch\/fr\/wp-json\/wp\/v2\/product_brand?post=100620"},{"taxonomy":"product_cat","embeddable":true,"href":"https:\/\/shop.kustom.ch\/fr\/wp-json\/wp\/v2\/product_cat?post=100620"},{"taxonomy":"product_tag","embeddable":true,"href":"https:\/\/shop.kustom.ch\/fr\/wp-json\/wp\/v2\/product_tag?post=100620"}],"curies":[{"name":"wp","href":"https:\/\/api.w.org\/{rel}","templated":true}]}}