{"id":100546,"date":"2024-03-20T17:17:39","date_gmt":"2024-03-20T16:17:39","guid":{"rendered":"https:\/\/kustomshop.kinsta.cloud\/produkt\/pro-insulate-race-glove\/"},"modified":"2026-03-27T13:36:58","modified_gmt":"2026-03-27T12:36:58","slug":"pro-insulate-race-glove","status":"publish","type":"product","link":"https:\/\/shop.kustom.ch\/fr\/produit\/pro-insulate-race-glove\/","title":{"rendered":"Gant de course PRO Insulate"},"content":{"rendered":"<p>Gants thermiques pour professionnels avec dessus coupe-vent, coupe ajust\u00e9e et excellente adh\u00e9rence pour une performance maximale.<br \/>\n- face sup\u00e9rieure en jersey doux et coupe-vent<br \/>\n- paume de la main en imitation cuir de daim Clarino<br \/>\n- rev\u00eatement en silicone sur la paume de la main pour une prise en main optimale<br \/>\n- fermeture velcro au poignet pour un ajustement optimal<br \/>\n- Logo Craft r\u00e9fl\u00e9chissant<br \/>\n- jersey sur le dessus du pouce<\/p>\n<p>Mat\u00e9riau : Backhand : Face 94% polyester 6% \u00e9lasthanne ; Mid 1 : 100% polyur\u00e9thane ; Back : 100% polyester Palm : 65% polyur\u00e9thane 35% polyester Doublure : 100% polyester<\/p>","protected":false},"excerpt":{"rendered":"<p><span><\/span><\/p>","protected":false},"featured_media":100545,"template":"","meta":[],"product_brand":[],"product_cat":[4180],"product_tag":[],"class_list":{"0":"post-100546","1":"product","2":"type-product","3":"status-publish","4":"has-post-thumbnail","6":"product_cat-handschuhe","7":"pa_brand-craft-retail-sportswear","8":"pa_brand-type-sportswear","9":"pa_filter-color-schwarz","11":"first","12":"instock","13":"sale","14":"taxable","15":"shipping-taxable","16":"purchasable","17":"product-type-variable","18":"add-to-wishlist-before_image"},"exclude_global_add_ons":[],"addons":[],"acf":[],"_links":{"self":[{"href":"https:\/\/shop.kustom.ch\/fr\/wp-json\/wp\/v2\/product\/100546"}],"collection":[{"href":"https:\/\/shop.kustom.ch\/fr\/wp-json\/wp\/v2\/product"}],"about":[{"href":"https:\/\/shop.kustom.ch\/fr\/wp-json\/wp\/v2\/types\/product"}],"wp:featuredmedia":[{"embeddable":true,"href":"https:\/\/shop.kustom.ch\/fr\/wp-json\/wp\/v2\/media\/100545"}],"wp:attachment":[{"href":"https:\/\/shop.kustom.ch\/fr\/wp-json\/wp\/v2\/media?parent=100546"}],"wp:term":[{"taxonomy":"product_brand","embeddable":true,"href":"https:\/\/shop.kustom.ch\/fr\/wp-json\/wp\/v2\/product_brand?post=100546"},{"taxonomy":"product_cat","embeddable":true,"href":"https:\/\/shop.kustom.ch\/fr\/wp-json\/wp\/v2\/product_cat?post=100546"},{"taxonomy":"product_tag","embeddable":true,"href":"https:\/\/shop.kustom.ch\/fr\/wp-json\/wp\/v2\/product_tag?post=100546"}],"curies":[{"name":"wp","href":"https:\/\/api.w.org\/{rel}","templated":true}]}}