{"id":100286,"date":"2024-03-20T17:16:36","date_gmt":"2024-03-20T16:16:36","guid":{"rendered":"https:\/\/kustomshop.kinsta.cloud\/produkt\/core-unify-training-tee-m\/"},"modified":"2026-03-27T15:10:59","modified_gmt":"2026-03-27T14:10:59","slug":"core-unify-training-tee-m","status":"publish","type":"product","link":"https:\/\/shop.kustom.ch\/fr\/produit\/core-unify-training-tee-m\/","title":{"rendered":"CORE Tee d'entra\u00eenement Unify M"},"content":{"rendered":"<p>Le CORE Unify Training Tee est disponible en plusieurs couleurs intenses afin de garantir un impact optimal pour vous et votre logo. Ce t-shirt en polyester recycl\u00e9 doux et fonctionnel a \u00e9t\u00e9 con\u00e7u pour tous ceux qui aiment bouger et qui accordent de l'importance au confort et \u00e0 la qualit\u00e9. En outre, les coutures lat\u00e9rales incurv\u00e9es sur le devant lui conf\u00e8rent un design sportif et moderne.<br \/>\n- Polyester recycl\u00e9<br \/>\n-coutures lat\u00e9rales incurv\u00e9es<br \/>\n-disponible en diff\u00e9rentes couleurs<\/p>\n<p>Mati\u00e8re : 100% polyester recycl\u00e9<\/p>","protected":false},"excerpt":{"rendered":"<p><span><\/span><\/p>","protected":false},"featured_media":100285,"template":"","meta":[],"product_brand":[],"product_cat":[4201],"product_tag":[],"class_list":{"0":"post-100286","1":"product","2":"type-product","3":"status-publish","4":"has-post-thumbnail","6":"product_cat-t-shirts","7":"pa_brand-craft-retail-sportswear","8":"pa_brand-type-sportswear","9":"pa_filter-color-blau","10":"pa_filter-color-gelb","11":"pa_filter-color-grau","12":"pa_filter-color-gruen","13":"pa_filter-color-orange","14":"pa_filter-color-rot","15":"pa_filter-color-schwarz","16":"pa_filter-color-violet","17":"pa_filter-color-weiss","19":"first","20":"instock","21":"sale","22":"taxable","23":"shipping-taxable","24":"purchasable","25":"product-type-variable","26":"add-to-wishlist-before_image"},"exclude_global_add_ons":[],"addons":[],"acf":[],"_links":{"self":[{"href":"https:\/\/shop.kustom.ch\/fr\/wp-json\/wp\/v2\/product\/100286"}],"collection":[{"href":"https:\/\/shop.kustom.ch\/fr\/wp-json\/wp\/v2\/product"}],"about":[{"href":"https:\/\/shop.kustom.ch\/fr\/wp-json\/wp\/v2\/types\/product"}],"wp:featuredmedia":[{"embeddable":true,"href":"https:\/\/shop.kustom.ch\/fr\/wp-json\/wp\/v2\/media\/100285"}],"wp:attachment":[{"href":"https:\/\/shop.kustom.ch\/fr\/wp-json\/wp\/v2\/media?parent=100286"}],"wp:term":[{"taxonomy":"product_brand","embeddable":true,"href":"https:\/\/shop.kustom.ch\/fr\/wp-json\/wp\/v2\/product_brand?post=100286"},{"taxonomy":"product_cat","embeddable":true,"href":"https:\/\/shop.kustom.ch\/fr\/wp-json\/wp\/v2\/product_cat?post=100286"},{"taxonomy":"product_tag","embeddable":true,"href":"https:\/\/shop.kustom.ch\/fr\/wp-json\/wp\/v2\/product_tag?post=100286"}],"curies":[{"name":"wp","href":"https:\/\/api.w.org\/{rel}","templated":true}]}}