{"id":100195,"date":"2024-03-20T17:16:07","date_gmt":"2024-03-20T16:16:07","guid":{"rendered":"https:\/\/kustomshop.kinsta.cloud\/produkt\/adv-lumen-fleece-hybrid-glove\/"},"modified":"2026-03-27T14:11:33","modified_gmt":"2026-03-27T13:11:33","slug":"adv-lumen-fleece-hybrid-glove","status":"publish","type":"product","link":"https:\/\/shop.kustom.ch\/fr\/produit\/adv-lumen-fleece-hybrid-glove\/","title":{"rendered":"Gant hybride ADV Lumen Fleece"},"content":{"rendered":"<p>Gants pour les doigts et les poings avec rabat amovible et impression r\u00e9fl\u00e9chissante.<br \/>\n- Impression r\u00e9fl\u00e9chissante \u00e0 l'ext\u00e9rieur du couvre-doigt<br \/>\n- Gants et moufles pour les jours froids<br \/>\n- Poche astucieuse pour les cl\u00e9s sur la paume de la main<br \/>\n- Jersey doux et agr\u00e9able<\/p>\n<p>Mati\u00e8re : 87% polyester 13% \u00e9lasthanne<\/p>","protected":false},"excerpt":{"rendered":"<p><span><\/span><\/p>","protected":false},"featured_media":100194,"template":"","meta":[],"product_brand":[],"product_cat":[4180],"product_tag":[],"class_list":{"0":"post-100195","1":"product","2":"type-product","3":"status-publish","4":"has-post-thumbnail","6":"product_cat-handschuhe","7":"pa_brand-craft-retail-sportswear","8":"pa_brand-type-sportswear","9":"pa_filter-color-gelb","10":"pa_filter-color-schwarz","11":"pa_filter-color-weiss","13":"first","14":"instock","15":"sale","16":"taxable","17":"shipping-taxable","18":"purchasable","19":"product-type-variable","20":"add-to-wishlist-before_image"},"exclude_global_add_ons":[],"addons":[],"acf":[],"_links":{"self":[{"href":"https:\/\/shop.kustom.ch\/fr\/wp-json\/wp\/v2\/product\/100195"}],"collection":[{"href":"https:\/\/shop.kustom.ch\/fr\/wp-json\/wp\/v2\/product"}],"about":[{"href":"https:\/\/shop.kustom.ch\/fr\/wp-json\/wp\/v2\/types\/product"}],"wp:featuredmedia":[{"embeddable":true,"href":"https:\/\/shop.kustom.ch\/fr\/wp-json\/wp\/v2\/media\/100194"}],"wp:attachment":[{"href":"https:\/\/shop.kustom.ch\/fr\/wp-json\/wp\/v2\/media?parent=100195"}],"wp:term":[{"taxonomy":"product_brand","embeddable":true,"href":"https:\/\/shop.kustom.ch\/fr\/wp-json\/wp\/v2\/product_brand?post=100195"},{"taxonomy":"product_cat","embeddable":true,"href":"https:\/\/shop.kustom.ch\/fr\/wp-json\/wp\/v2\/product_cat?post=100195"},{"taxonomy":"product_tag","embeddable":true,"href":"https:\/\/shop.kustom.ch\/fr\/wp-json\/wp\/v2\/product_tag?post=100195"}],"curies":[{"name":"wp","href":"https:\/\/api.w.org\/{rel}","templated":true}]}}