{"id":100175,"date":"2024-03-20T17:15:55","date_gmt":"2024-03-20T16:15:55","guid":{"rendered":"https:\/\/kustomshop.kinsta.cloud\/produkt\/adv-thermal-xc-hood-jacket-jr\/"},"modified":"2026-03-27T14:49:01","modified_gmt":"2026-03-27T13:49:01","slug":"adv-thermal-xc-hood-jacket-jr","status":"publish","type":"product","link":"https:\/\/shop.kustom.ch\/fr\/produit\/adv-thermal-xc-hood-jacket-jr\/","title":{"rendered":"Veste \u00e0 capuche ADV Thermal XC Jr"},"content":{"rendered":"<p>Maillot \u00e0 manches longues avec coupe ajust\u00e9e et inserts en mesh pour une excellente gestion de la temp\u00e9rature corporelle. Fabriqu\u00e9 en mat\u00e9riau recycl\u00e9.<br \/>\n- Tissu Ventair\u00ae 2L recycl\u00e9 coupe-vent pour toutes les conditions m\u00e9t\u00e9o, \u00e0 l'avant et \u00e0 l'arri\u00e8re, 8k\/10k<br \/>\n- Rembourrage l\u00e9ger 40 GSM \u00e0 l'avant et \u00e0 l'arri\u00e8re pour une chaleur suppl\u00e9mentaire et un confort accru<br \/>\n- double capuche<br \/>\n- Poignets en jersey pour une coupe ajust\u00e9e<\/p>\n<p>Mat\u00e9riau : Body : Face 100% polyester recycl\u00e9 Back 100% polyur\u00e9thane Back sleeves : 100% polyester Rembourrage : 100% polyester<\/p>","protected":false},"excerpt":{"rendered":"<p><span><\/span><\/p>","protected":false},"featured_media":100174,"template":"","meta":[],"product_brand":[],"product_cat":[4186],"product_tag":[],"class_list":{"0":"post-100175","1":"product","2":"type-product","3":"status-publish","4":"has-post-thumbnail","6":"product_cat-jacken","7":"pa_brand-craft-retail-sportswear","8":"pa_brand-type-sportswear","9":"pa_filter-color-orange","11":"first","12":"instock","13":"sale","14":"taxable","15":"shipping-taxable","16":"purchasable","17":"product-type-variable","18":"add-to-wishlist-before_image"},"exclude_global_add_ons":[],"addons":[],"acf":[],"_links":{"self":[{"href":"https:\/\/shop.kustom.ch\/fr\/wp-json\/wp\/v2\/product\/100175"}],"collection":[{"href":"https:\/\/shop.kustom.ch\/fr\/wp-json\/wp\/v2\/product"}],"about":[{"href":"https:\/\/shop.kustom.ch\/fr\/wp-json\/wp\/v2\/types\/product"}],"wp:featuredmedia":[{"embeddable":true,"href":"https:\/\/shop.kustom.ch\/fr\/wp-json\/wp\/v2\/media\/100174"}],"wp:attachment":[{"href":"https:\/\/shop.kustom.ch\/fr\/wp-json\/wp\/v2\/media?parent=100175"}],"wp:term":[{"taxonomy":"product_brand","embeddable":true,"href":"https:\/\/shop.kustom.ch\/fr\/wp-json\/wp\/v2\/product_brand?post=100175"},{"taxonomy":"product_cat","embeddable":true,"href":"https:\/\/shop.kustom.ch\/fr\/wp-json\/wp\/v2\/product_cat?post=100175"},{"taxonomy":"product_tag","embeddable":true,"href":"https:\/\/shop.kustom.ch\/fr\/wp-json\/wp\/v2\/product_tag?post=100175"}],"curies":[{"name":"wp","href":"https:\/\/api.w.org\/{rel}","templated":true}]}}