{"id":100145,"date":"2024-03-20T17:15:44","date_gmt":"2024-03-20T16:15:44","guid":{"rendered":"https:\/\/kustomshop.kinsta.cloud\/produkt\/core-warm-xc-pants-jr\/"},"modified":"2026-03-27T14:18:33","modified_gmt":"2026-03-27T13:18:33","slug":"core-warm-xc-pants-jr","status":"publish","type":"product","link":"https:\/\/shop.kustom.ch\/fr\/produit\/core-warm-xc-pants-jr\/","title":{"rendered":"Core Warm XC Pants Jr"},"content":{"rendered":"<p>Pantalon thermique polyvalent XC en tissu stretch 2L r\u00e9sistant au vent et \u00e0 l'eau.<br \/>\n- Coupe normale<br \/>\n- Jersey avec int\u00e9rieur gratt\u00e9 pour une chaleur optimale<\/p>\n<p>Mat\u00e9riau : Body : Face 100% polyester recycl\u00e9 Back 100% polyur\u00e9thane Back body : 100% polyester<\/p>","protected":false},"excerpt":{"rendered":"<p><span><\/span><\/p>","protected":false},"featured_media":100144,"template":"","meta":[],"product_brand":[],"product_cat":[4185],"product_tag":[],"class_list":{"0":"post-100145","1":"product","2":"type-product","3":"status-publish","4":"has-post-thumbnail","6":"product_cat-hosen","7":"pa_brand-craft-retail-sportswear","8":"pa_brand-type-sportswear","9":"pa_filter-color-schwarz","11":"first","12":"instock","13":"sale","14":"taxable","15":"shipping-taxable","16":"purchasable","17":"product-type-variable","18":"add-to-wishlist-before_image"},"exclude_global_add_ons":[],"addons":[],"acf":[],"_links":{"self":[{"href":"https:\/\/shop.kustom.ch\/fr\/wp-json\/wp\/v2\/product\/100145"}],"collection":[{"href":"https:\/\/shop.kustom.ch\/fr\/wp-json\/wp\/v2\/product"}],"about":[{"href":"https:\/\/shop.kustom.ch\/fr\/wp-json\/wp\/v2\/types\/product"}],"wp:featuredmedia":[{"embeddable":true,"href":"https:\/\/shop.kustom.ch\/fr\/wp-json\/wp\/v2\/media\/100144"}],"wp:attachment":[{"href":"https:\/\/shop.kustom.ch\/fr\/wp-json\/wp\/v2\/media?parent=100145"}],"wp:term":[{"taxonomy":"product_brand","embeddable":true,"href":"https:\/\/shop.kustom.ch\/fr\/wp-json\/wp\/v2\/product_brand?post=100145"},{"taxonomy":"product_cat","embeddable":true,"href":"https:\/\/shop.kustom.ch\/fr\/wp-json\/wp\/v2\/product_cat?post=100145"},{"taxonomy":"product_tag","embeddable":true,"href":"https:\/\/shop.kustom.ch\/fr\/wp-json\/wp\/v2\/product_tag?post=100145"}],"curies":[{"name":"wp","href":"https:\/\/api.w.org\/{rel}","templated":true}]}}