{"id":100133,"date":"2024-03-20T17:15:37","date_gmt":"2024-03-20T16:15:37","guid":{"rendered":"https:\/\/kustomshop.kinsta.cloud\/produkt\/adv-thermal-hat\/"},"modified":"2026-03-27T13:57:34","modified_gmt":"2026-03-27T12:57:34","slug":"adv-thermal-hat","status":"publish","type":"product","link":"https:\/\/shop.kustom.ch\/fr\/produit\/adv-thermal-hat\/","title":{"rendered":"ADV thermal a"},"content":{"rendered":"<p>Bonnet thermique l\u00e9ger \u00e0 porter sous le casque lors de la pratique intensive du v\u00e9lo par temps froid.<br \/>\n- Mat\u00e9riau r\u00e9sistant au vent et \u00e0 l'eau<br \/>\n- Les finitions coup\u00e9es procurent une sensation de confort<br \/>\n- Excellent transfert d'humidit\u00e9<\/p>\n<p>Mati\u00e8re : 87% polyester - recycl\u00e9, 13% \u00e9lasthanne<\/p>","protected":false},"excerpt":{"rendered":"<p><span><\/span><\/p>","protected":false},"featured_media":100132,"template":"","meta":[],"product_brand":[],"product_cat":[9643,4177],"product_tag":[],"class_list":{"0":"post-100133","1":"product","2":"type-product","3":"status-publish","4":"has-post-thumbnail","6":"product_cat-equipment","7":"product_cat-caps-muetzen","8":"pa_brand-craft-retail-sportswear","9":"pa_brand-type-sportswear","10":"pa_filter-color-schwarz","12":"first","13":"instock","14":"sale","15":"taxable","16":"shipping-taxable","17":"purchasable","18":"product-type-variable","19":"add-to-wishlist-before_image"},"exclude_global_add_ons":[],"addons":[],"acf":[],"_links":{"self":[{"href":"https:\/\/shop.kustom.ch\/fr\/wp-json\/wp\/v2\/product\/100133"}],"collection":[{"href":"https:\/\/shop.kustom.ch\/fr\/wp-json\/wp\/v2\/product"}],"about":[{"href":"https:\/\/shop.kustom.ch\/fr\/wp-json\/wp\/v2\/types\/product"}],"wp:featuredmedia":[{"embeddable":true,"href":"https:\/\/shop.kustom.ch\/fr\/wp-json\/wp\/v2\/media\/100132"}],"wp:attachment":[{"href":"https:\/\/shop.kustom.ch\/fr\/wp-json\/wp\/v2\/media?parent=100133"}],"wp:term":[{"taxonomy":"product_brand","embeddable":true,"href":"https:\/\/shop.kustom.ch\/fr\/wp-json\/wp\/v2\/product_brand?post=100133"},{"taxonomy":"product_cat","embeddable":true,"href":"https:\/\/shop.kustom.ch\/fr\/wp-json\/wp\/v2\/product_cat?post=100133"},{"taxonomy":"product_tag","embeddable":true,"href":"https:\/\/shop.kustom.ch\/fr\/wp-json\/wp\/v2\/product_tag?post=100133"}],"curies":[{"name":"wp","href":"https:\/\/api.w.org\/{rel}","templated":true}]}}