{"id":100127,"date":"2024-03-20T17:15:33","date_gmt":"2024-03-20T16:15:33","guid":{"rendered":"https:\/\/kustomshop.kinsta.cloud\/produkt\/warm-mid-2-pack-sock-jr\/"},"modified":"2026-03-27T13:28:30","modified_gmt":"2026-03-27T12:28:30","slug":"warm-mid-2-pack-sock-jr","status":"publish","type":"product","link":"https:\/\/shop.kustom.ch\/fr\/produit\/warm-mid-2-pack-sock-jr\/","title":{"rendered":"Chaussettes Warm Mid 2pack JR"},"content":{"rendered":"<p>Chaussettes pour les jours froids avec une excellente \u00e9vacuation de l'humidit\u00e9 et une protection \u00e9lastique de la vo\u00fbte plantaire pour un maintien, une tenue et un confort exceptionnels. Lot de deux.<br \/>\n- Coupe ergonomique pour pied gauche et droit<br \/>\n- Protection \u00e9lastique de la vo\u00fbte plantaire pour un meilleur maintien et une assise optimale<\/p>\n<p>Mati\u00e8re : 40% polyamide 29% laine 29% acrylique 2% \u00e9lasthanne<\/p>","protected":false},"excerpt":{"rendered":"<p><span><\/span><\/p>","protected":false},"featured_media":100126,"template":"","meta":[],"product_brand":[],"product_cat":[4199],"product_tag":[],"class_list":{"0":"post-100127","1":"product","2":"type-product","3":"status-publish","4":"has-post-thumbnail","6":"product_cat-socken","7":"pa_brand-craft-retail-sportswear","8":"pa_brand-type-sportswear","9":"pa_filter-color-schwarz","11":"first","12":"instock","13":"sale","14":"taxable","15":"shipping-taxable","16":"purchasable","17":"product-type-variable","18":"add-to-wishlist-before_image"},"exclude_global_add_ons":[],"addons":[],"acf":[],"_links":{"self":[{"href":"https:\/\/shop.kustom.ch\/fr\/wp-json\/wp\/v2\/product\/100127"}],"collection":[{"href":"https:\/\/shop.kustom.ch\/fr\/wp-json\/wp\/v2\/product"}],"about":[{"href":"https:\/\/shop.kustom.ch\/fr\/wp-json\/wp\/v2\/types\/product"}],"wp:featuredmedia":[{"embeddable":true,"href":"https:\/\/shop.kustom.ch\/fr\/wp-json\/wp\/v2\/media\/100126"}],"wp:attachment":[{"href":"https:\/\/shop.kustom.ch\/fr\/wp-json\/wp\/v2\/media?parent=100127"}],"wp:term":[{"taxonomy":"product_brand","embeddable":true,"href":"https:\/\/shop.kustom.ch\/fr\/wp-json\/wp\/v2\/product_brand?post=100127"},{"taxonomy":"product_cat","embeddable":true,"href":"https:\/\/shop.kustom.ch\/fr\/wp-json\/wp\/v2\/product_cat?post=100127"},{"taxonomy":"product_tag","embeddable":true,"href":"https:\/\/shop.kustom.ch\/fr\/wp-json\/wp\/v2\/product_tag?post=100127"}],"curies":[{"name":"wp","href":"https:\/\/api.w.org\/{rel}","templated":true}]}}