{"id":100100,"date":"2024-03-20T17:15:20","date_gmt":"2024-03-20T16:15:20","guid":{"rendered":"https:\/\/kustomshop.kinsta.cloud\/produkt\/core-wool-merino-set-m\/"},"modified":"2026-04-16T09:58:20","modified_gmt":"2026-04-16T08:58:20","slug":"core-wool-merino-set-m","status":"publish","type":"product","link":"https:\/\/shop.kustom.ch\/fr\/produit\/core-wool-merino-set-m\/","title":{"rendered":"CORE Wool Merino Set M"},"content":{"rendered":"<p>Ensemble de sous-v\u00eatements thermiques en m\u00e9lange laine m\u00e9rinos\/polyester, garde le corps au chaud et au sec toute la journ\u00e9e.<br \/>\n- Coupe normale<br \/>\n- M\u00e9lange de laine m\u00e9rinos et de polyester pour une sensation de douceur agr\u00e9able et une thermor\u00e9gulation \u00e9lev\u00e9e<br \/>\n- La laine est une mati\u00e8re naturelle qui tient chaud m\u00eame lorsqu'elle est humide.<br \/>\n- Laine m\u00e9rinos sans mulesing<br \/>\n- La laine m\u00e9rinos est naturellement inodore<\/p>\n<p>Mati\u00e8re : 47% polyester 42% laine 11% polyamide<\/p>","protected":false},"excerpt":{"rendered":"<p><span><\/span><\/p>","protected":false},"featured_media":100099,"template":"","meta":[],"product_brand":[],"product_cat":[4206],"product_tag":[],"class_list":{"0":"post-100100","1":"product","2":"type-product","3":"status-publish","4":"has-post-thumbnail","6":"product_cat-underwear","7":"pa_brand-craft-retail-sportswear","8":"pa_brand-type-sportswear","9":"pa_filter-color-schwarz","11":"first","12":"instock","13":"sale","14":"taxable","15":"shipping-taxable","16":"purchasable","17":"product-type-variable","18":"add-to-wishlist-before_image"},"exclude_global_add_ons":[],"addons":[],"acf":[],"_links":{"self":[{"href":"https:\/\/shop.kustom.ch\/fr\/wp-json\/wp\/v2\/product\/100100"}],"collection":[{"href":"https:\/\/shop.kustom.ch\/fr\/wp-json\/wp\/v2\/product"}],"about":[{"href":"https:\/\/shop.kustom.ch\/fr\/wp-json\/wp\/v2\/types\/product"}],"wp:featuredmedia":[{"embeddable":true,"href":"https:\/\/shop.kustom.ch\/fr\/wp-json\/wp\/v2\/media\/100099"}],"wp:attachment":[{"href":"https:\/\/shop.kustom.ch\/fr\/wp-json\/wp\/v2\/media?parent=100100"}],"wp:term":[{"taxonomy":"product_brand","embeddable":true,"href":"https:\/\/shop.kustom.ch\/fr\/wp-json\/wp\/v2\/product_brand?post=100100"},{"taxonomy":"product_cat","embeddable":true,"href":"https:\/\/shop.kustom.ch\/fr\/wp-json\/wp\/v2\/product_cat?post=100100"},{"taxonomy":"product_tag","embeddable":true,"href":"https:\/\/shop.kustom.ch\/fr\/wp-json\/wp\/v2\/product_tag?post=100100"}],"curies":[{"name":"wp","href":"https:\/\/api.w.org\/{rel}","templated":true}]}}