{"id":100091,"date":"2024-03-20T17:15:16","date_gmt":"2024-03-20T16:15:16","guid":{"rendered":"https:\/\/kustomshop.kinsta.cloud\/produkt\/core-wool-merino-set-w\/"},"modified":"2026-04-16T09:54:39","modified_gmt":"2026-04-16T08:54:39","slug":"core-wool-merino-set-w","status":"publish","type":"product","link":"https:\/\/shop.kustom.ch\/fr\/produit\/core-wool-merino-set-w\/","title":{"rendered":"CORE Wool Merino Set W"},"content":{"rendered":"<p>Maillot \u00e0 manches longues avec coupe ajust\u00e9e et inserts en mesh pour une excellente gestion de la temp\u00e9rature corporelle. Fabriqu\u00e9 en mat\u00e9riau recycl\u00e9.<br \/>\n- Coupe normale<br \/>\n- M\u00e9lange de laine m\u00e9rinos et de polyester pour une sensation de douceur agr\u00e9able et une thermor\u00e9gulation \u00e9lev\u00e9e<br \/>\n- La laine tient aussi chaud quand elle est humide<br \/>\n- Laine m\u00e9rinos sans mulesing<\/p>\n<p>Mati\u00e8re : 47% polyester 42% laine 11% polyamide<\/p>","protected":false},"excerpt":{"rendered":"<p><span><\/span><\/p>","protected":false},"featured_media":100090,"template":"","meta":[],"product_brand":[],"product_cat":[4206],"product_tag":[],"class_list":{"0":"post-100091","1":"product","2":"type-product","3":"status-publish","4":"has-post-thumbnail","6":"product_cat-underwear","7":"pa_brand-craft-retail-sportswear","8":"pa_brand-type-sportswear","9":"pa_filter-color-schwarz","11":"first","12":"instock","13":"sale","14":"taxable","15":"shipping-taxable","16":"purchasable","17":"product-type-variable","18":"add-to-wishlist-before_image"},"exclude_global_add_ons":[],"addons":[],"acf":[],"_links":{"self":[{"href":"https:\/\/shop.kustom.ch\/fr\/wp-json\/wp\/v2\/product\/100091"}],"collection":[{"href":"https:\/\/shop.kustom.ch\/fr\/wp-json\/wp\/v2\/product"}],"about":[{"href":"https:\/\/shop.kustom.ch\/fr\/wp-json\/wp\/v2\/types\/product"}],"wp:featuredmedia":[{"embeddable":true,"href":"https:\/\/shop.kustom.ch\/fr\/wp-json\/wp\/v2\/media\/100090"}],"wp:attachment":[{"href":"https:\/\/shop.kustom.ch\/fr\/wp-json\/wp\/v2\/media?parent=100091"}],"wp:term":[{"taxonomy":"product_brand","embeddable":true,"href":"https:\/\/shop.kustom.ch\/fr\/wp-json\/wp\/v2\/product_brand?post=100091"},{"taxonomy":"product_cat","embeddable":true,"href":"https:\/\/shop.kustom.ch\/fr\/wp-json\/wp\/v2\/product_cat?post=100091"},{"taxonomy":"product_tag","embeddable":true,"href":"https:\/\/shop.kustom.ch\/fr\/wp-json\/wp\/v2\/product_tag?post=100091"}],"curies":[{"name":"wp","href":"https:\/\/api.w.org\/{rel}","templated":true}]}}