{"id":100083,"date":"2024-03-20T17:15:12","date_gmt":"2024-03-20T16:15:12","guid":{"rendered":"https:\/\/kustomshop.kinsta.cloud\/produkt\/core-warm-baselayer-set-m\/"},"modified":"2026-03-27T13:30:20","modified_gmt":"2026-03-27T12:30:20","slug":"core-warm-baselayer-set-m","status":"publish","type":"product","link":"https:\/\/shop.kustom.ch\/fr\/produit\/core-warm-baselayer-set-m\/","title":{"rendered":"CORE Warm Baselayer Set M"},"content":{"rendered":"<p>Ensemble de sous-v\u00eatements thermiques en jersey doux avec int\u00e9rieur gratt\u00e9 pour une chaleur suffisante et un confort optimal.<br \/>\n- Coupe normale<br \/>\n- Jersey avec int\u00e9rieur gratt\u00e9 pour une chaleur optimale<br \/>\n- les coutures plates s'adaptent aux mouvements du corps<\/p>\n<p>Mati\u00e8re : 100% polyester recycl\u00e9<\/p>","protected":false},"excerpt":{"rendered":"<p><span><\/span><\/p>","protected":false},"featured_media":100082,"template":"","meta":[],"product_brand":[],"product_cat":[4206],"product_tag":[],"class_list":{"0":"post-100083","1":"product","2":"type-product","3":"status-publish","4":"has-post-thumbnail","6":"product_cat-underwear","7":"pa_brand-craft-retail-sportswear","8":"pa_brand-type-sportswear","9":"pa_filter-color-schwarz","11":"first","12":"instock","13":"sale","14":"taxable","15":"shipping-taxable","16":"purchasable","17":"product-type-variable","18":"add-to-wishlist-before_image"},"exclude_global_add_ons":[],"addons":[],"acf":[],"_links":{"self":[{"href":"https:\/\/shop.kustom.ch\/fr\/wp-json\/wp\/v2\/product\/100083"}],"collection":[{"href":"https:\/\/shop.kustom.ch\/fr\/wp-json\/wp\/v2\/product"}],"about":[{"href":"https:\/\/shop.kustom.ch\/fr\/wp-json\/wp\/v2\/types\/product"}],"wp:featuredmedia":[{"embeddable":true,"href":"https:\/\/shop.kustom.ch\/fr\/wp-json\/wp\/v2\/media\/100082"}],"wp:attachment":[{"href":"https:\/\/shop.kustom.ch\/fr\/wp-json\/wp\/v2\/media?parent=100083"}],"wp:term":[{"taxonomy":"product_brand","embeddable":true,"href":"https:\/\/shop.kustom.ch\/fr\/wp-json\/wp\/v2\/product_brand?post=100083"},{"taxonomy":"product_cat","embeddable":true,"href":"https:\/\/shop.kustom.ch\/fr\/wp-json\/wp\/v2\/product_cat?post=100083"},{"taxonomy":"product_tag","embeddable":true,"href":"https:\/\/shop.kustom.ch\/fr\/wp-json\/wp\/v2\/product_tag?post=100083"}],"curies":[{"name":"wp","href":"https:\/\/api.w.org\/{rel}","templated":true}]}}