{"id":100071,"date":"2024-03-20T17:15:04","date_gmt":"2024-03-20T16:15:04","guid":{"rendered":"https:\/\/kustomshop.kinsta.cloud\/produkt\/active-extreme-x-wind-hat\/"},"modified":"2026-03-27T13:21:14","modified_gmt":"2026-03-27T12:21:14","slug":"active-extreme-x-wind-hat","status":"publish","type":"product","link":"https:\/\/shop.kustom.ch\/fr\/produit\/active-extreme-x-wind-hat\/","title":{"rendered":"Bonnet Active Extreme X Wind"},"content":{"rendered":"<p>Casquette en mat\u00e9riau fin et \u00e9lastique avec une coupe ergonomique et un excellent transfert d'humidit\u00e9. Fabriqu\u00e9 en mat\u00e9riau recycl\u00e9.<br \/>\n- Coupe ajust\u00e9e<br \/>\n- Tissu tricot\u00e9 fin, l\u00e9ger et \u00e9lastique qui emprisonne l'air pour l'isoler et le garder au chaud<br \/>\n- Port\u00e9 directement sur la peau, la fibre Coolmax Air assure une \u00e9vacuation optimale de l'humidit\u00e9 et un refroidissement.<br \/>\n- les coutures plates s'adaptent aux mouvements du corps<br \/>\n- Inserts en mesh \u00e0 l'int\u00e9rieur de la jambe pour une meilleure ventilation aux endroits les plus chauds<\/p>\n<p>Mati\u00e8re : 40% polyester SeaQual 39% polyester \"Coolmax\" 21% polyester recycl\u00e9<\/p>","protected":false},"excerpt":{"rendered":"<p>M\u00fctze aus feinem, elastischem Material mit ergonomischer Passform und hervorragendem Feuchtigkeitstransport. Aus Recycling-Material. \u2022 Enge Passform \u2022 Feines, leichtes und elastisches gestricktes Gewebe, das Luft zur Isolierung einschliesst und warm h\u00e4lt \u2022 Direkt auf der Haut getragen, sorgt die Faser Coolmax Air f\u00fcr optimalen Feuchtigkeitstransport und K\u00fchlung \u2022 Flachn\u00e4hte passen sich der K\u00f6rperbewegung an \u2022 [&hellip;]<\/p>\n","protected":false},"featured_media":248918,"template":"","meta":[],"product_brand":[],"product_cat":[9643,4177],"product_tag":[],"class_list":{"0":"post-100071","1":"product","2":"type-product","3":"status-publish","4":"has-post-thumbnail","6":"product_cat-equipment","7":"product_cat-caps-muetzen","8":"pa_brand-craft-retail-sportswear","9":"pa_brand-type-sportswear","10":"pa_filter-color-grau","11":"pa_filter-color-schwarz","13":"first","14":"outofstock","15":"sale","16":"taxable","17":"shipping-taxable","18":"purchasable","19":"product-type-variable","20":"add-to-wishlist-before_image"},"exclude_global_add_ons":[],"addons":[],"acf":[],"_links":{"self":[{"href":"https:\/\/shop.kustom.ch\/fr\/wp-json\/wp\/v2\/product\/100071"}],"collection":[{"href":"https:\/\/shop.kustom.ch\/fr\/wp-json\/wp\/v2\/product"}],"about":[{"href":"https:\/\/shop.kustom.ch\/fr\/wp-json\/wp\/v2\/types\/product"}],"wp:featuredmedia":[{"embeddable":true,"href":"https:\/\/shop.kustom.ch\/fr\/wp-json\/wp\/v2\/media\/248918"}],"wp:attachment":[{"href":"https:\/\/shop.kustom.ch\/fr\/wp-json\/wp\/v2\/media?parent=100071"}],"wp:term":[{"taxonomy":"product_brand","embeddable":true,"href":"https:\/\/shop.kustom.ch\/fr\/wp-json\/wp\/v2\/product_brand?post=100071"},{"taxonomy":"product_cat","embeddable":true,"href":"https:\/\/shop.kustom.ch\/fr\/wp-json\/wp\/v2\/product_cat?post=100071"},{"taxonomy":"product_tag","embeddable":true,"href":"https:\/\/shop.kustom.ch\/fr\/wp-json\/wp\/v2\/product_tag?post=100071"}],"curies":[{"name":"wp","href":"https:\/\/api.w.org\/{rel}","templated":true}]}}