{"id":100039,"date":"2024-03-20T17:14:47","date_gmt":"2024-03-20T16:14:47","guid":{"rendered":"https:\/\/kustomshop.kinsta.cloud\/produkt\/active-extreme-x-wind-ss-m\/"},"modified":"2026-03-27T15:08:12","modified_gmt":"2026-03-27T14:08:12","slug":"active-extreme-x-wind-ss-m","status":"publish","type":"product","link":"https:\/\/shop.kustom.ch\/fr\/produit\/active-extreme-x-wind-ss-m\/","title":{"rendered":"Active Extreme X Wind SS M"},"content":{"rendered":"<p>T-shirt avec une excellente gestion de la temp\u00e9rature corporelle et une protection contre le vent sur le devant. Fabriqu\u00e9 en mati\u00e8re recycl\u00e9e.<\/p>\n<p>Mat\u00e9riaux : Corps : 40% Polyester SeaQual 39% Polyester \"Coolmax\" 21% Polyester-recycl\u00e9, Face avant du corps : 100% Polyester, Face arri\u00e8re du corps : 100% PU<\/p>","protected":false},"excerpt":{"rendered":"<p><span><\/span><\/p>","protected":false},"featured_media":100038,"template":"","meta":[],"product_brand":[],"product_cat":[4206],"product_tag":[],"class_list":{"0":"post-100039","1":"product","2":"type-product","3":"status-publish","4":"has-post-thumbnail","6":"product_cat-underwear","7":"pa_brand-craft-retail-sportswear","8":"pa_brand-type-sportswear","9":"pa_filter-color-grau","10":"pa_filter-color-schwarz","12":"first","13":"instock","14":"sale","15":"taxable","16":"shipping-taxable","17":"purchasable","18":"product-type-variable","19":"add-to-wishlist-before_image"},"exclude_global_add_ons":[],"addons":[],"acf":[],"_links":{"self":[{"href":"https:\/\/shop.kustom.ch\/fr\/wp-json\/wp\/v2\/product\/100039"}],"collection":[{"href":"https:\/\/shop.kustom.ch\/fr\/wp-json\/wp\/v2\/product"}],"about":[{"href":"https:\/\/shop.kustom.ch\/fr\/wp-json\/wp\/v2\/types\/product"}],"wp:featuredmedia":[{"embeddable":true,"href":"https:\/\/shop.kustom.ch\/fr\/wp-json\/wp\/v2\/media\/100038"}],"wp:attachment":[{"href":"https:\/\/shop.kustom.ch\/fr\/wp-json\/wp\/v2\/media?parent=100039"}],"wp:term":[{"taxonomy":"product_brand","embeddable":true,"href":"https:\/\/shop.kustom.ch\/fr\/wp-json\/wp\/v2\/product_brand?post=100039"},{"taxonomy":"product_cat","embeddable":true,"href":"https:\/\/shop.kustom.ch\/fr\/wp-json\/wp\/v2\/product_cat?post=100039"},{"taxonomy":"product_tag","embeddable":true,"href":"https:\/\/shop.kustom.ch\/fr\/wp-json\/wp\/v2\/product_tag?post=100039"}],"curies":[{"name":"wp","href":"https:\/\/api.w.org\/{rel}","templated":true}]}}