{"id":100021,"date":"2024-03-20T17:14:39","date_gmt":"2024-03-20T16:14:39","guid":{"rendered":"https:\/\/kustomshop.kinsta.cloud\/produkt\/active-extreme-x-wind-boxer-w\/"},"modified":"2026-03-27T15:00:53","modified_gmt":"2026-03-27T14:00:53","slug":"active-extreme-x-wind-boxer-w","status":"publish","type":"product","link":"https:\/\/shop.kustom.ch\/fr\/produit\/active-extreme-x-wind-boxer-w\/","title":{"rendered":"Active Extreme X Wind Boxer W"},"content":{"rendered":"<p>Boxer avec une coupe ergonomique, une excellente gestion de la temp\u00e9rature corporelle et une protection contre le vent sur le devant. Fabriqu\u00e9 en mati\u00e8re recycl\u00e9e.<\/p>\n<p>Mat\u00e9riaux : Corps : 40% Polyester SeaQual 39% Polyester \"Coolmax\" 21% Polyester-recycl\u00e9, Face avant du corps : 100% Polyester, Face arri\u00e8re du corps : 100% PU<\/p>","protected":false},"excerpt":{"rendered":"<p><span><\/span><\/p>","protected":false},"featured_media":100020,"template":"","meta":[],"product_brand":[],"product_cat":[4206],"product_tag":[],"class_list":{"0":"post-100021","1":"product","2":"type-product","3":"status-publish","4":"has-post-thumbnail","6":"product_cat-underwear","7":"pa_brand-craft-retail-sportswear","8":"pa_brand-type-sportswear","9":"pa_filter-color-grau","10":"pa_filter-color-schwarz","12":"first","13":"instock","14":"sale","15":"taxable","16":"shipping-taxable","17":"purchasable","18":"product-type-variable","19":"add-to-wishlist-before_image"},"exclude_global_add_ons":[],"addons":[],"acf":[],"_links":{"self":[{"href":"https:\/\/shop.kustom.ch\/fr\/wp-json\/wp\/v2\/product\/100021"}],"collection":[{"href":"https:\/\/shop.kustom.ch\/fr\/wp-json\/wp\/v2\/product"}],"about":[{"href":"https:\/\/shop.kustom.ch\/fr\/wp-json\/wp\/v2\/types\/product"}],"wp:featuredmedia":[{"embeddable":true,"href":"https:\/\/shop.kustom.ch\/fr\/wp-json\/wp\/v2\/media\/100020"}],"wp:attachment":[{"href":"https:\/\/shop.kustom.ch\/fr\/wp-json\/wp\/v2\/media?parent=100021"}],"wp:term":[{"taxonomy":"product_brand","embeddable":true,"href":"https:\/\/shop.kustom.ch\/fr\/wp-json\/wp\/v2\/product_brand?post=100021"},{"taxonomy":"product_cat","embeddable":true,"href":"https:\/\/shop.kustom.ch\/fr\/wp-json\/wp\/v2\/product_cat?post=100021"},{"taxonomy":"product_tag","embeddable":true,"href":"https:\/\/shop.kustom.ch\/fr\/wp-json\/wp\/v2\/product_tag?post=100021"}],"curies":[{"name":"wp","href":"https:\/\/api.w.org\/{rel}","templated":true}]}}