{"id":100000,"date":"2024-03-20T17:14:27","date_gmt":"2024-03-20T16:14:27","guid":{"rendered":"https:\/\/kustomshop.kinsta.cloud\/produkt\/active-extreme-x-balaclava\/"},"modified":"2026-03-27T13:18:15","modified_gmt":"2026-03-27T12:18:15","slug":"active-extreme-x-balaclava","status":"publish","type":"product","link":"https:\/\/shop.kustom.ch\/fr\/produit\/active-extreme-x-balaclava\/","title":{"rendered":"Active Extreme X Balaclava"},"content":{"rendered":"<p>Protection faciale fine et \u00e9lastique avec une coupe ergonomique et une excellente \u00e9vacuation de l'humidit\u00e9. Fabriqu\u00e9 en mat\u00e9riau recycl\u00e9.<\/p>\n<p>Mat\u00e9riaux : 40% polyester SeaQual 39% polyester \"Coolmax\" 21% polyester recycl\u00e9<\/p>","protected":false},"excerpt":{"rendered":"<p>Feiner, elastischer Gesichtsschutz mit ergonomischer Passform und hervorragendem Feuchtigkeitstransport. Aus Recycling-Material. Material: 40% Polyester SeaQual 39% Polyester &#8222;Coolmax&#8220; 21% Polyester-recycled<\/p>","protected":false},"featured_media":99999,"template":"","meta":[],"product_brand":[],"product_cat":[9643,4177],"product_tag":[],"class_list":{"0":"post-100000","1":"product","2":"type-product","3":"status-publish","4":"has-post-thumbnail","6":"product_cat-equipment","7":"product_cat-caps-muetzen","8":"pa_brand-craft-retail-sportswear","9":"pa_brand-type-sportswear","10":"pa_filter-color-schwarz","12":"first","13":"outofstock","14":"sale","15":"taxable","16":"shipping-taxable","17":"purchasable","18":"product-type-variable","19":"add-to-wishlist-before_image"},"exclude_global_add_ons":[],"addons":[],"acf":[],"_links":{"self":[{"href":"https:\/\/shop.kustom.ch\/fr\/wp-json\/wp\/v2\/product\/100000"}],"collection":[{"href":"https:\/\/shop.kustom.ch\/fr\/wp-json\/wp\/v2\/product"}],"about":[{"href":"https:\/\/shop.kustom.ch\/fr\/wp-json\/wp\/v2\/types\/product"}],"wp:featuredmedia":[{"embeddable":true,"href":"https:\/\/shop.kustom.ch\/fr\/wp-json\/wp\/v2\/media\/99999"}],"wp:attachment":[{"href":"https:\/\/shop.kustom.ch\/fr\/wp-json\/wp\/v2\/media?parent=100000"}],"wp:term":[{"taxonomy":"product_brand","embeddable":true,"href":"https:\/\/shop.kustom.ch\/fr\/wp-json\/wp\/v2\/product_brand?post=100000"},{"taxonomy":"product_cat","embeddable":true,"href":"https:\/\/shop.kustom.ch\/fr\/wp-json\/wp\/v2\/product_cat?post=100000"},{"taxonomy":"product_tag","embeddable":true,"href":"https:\/\/shop.kustom.ch\/fr\/wp-json\/wp\/v2\/product_tag?post=100000"}],"curies":[{"name":"wp","href":"https:\/\/api.w.org\/{rel}","templated":true}]}}