{"id":1671,"date":"2023-12-17T10:48:45","date_gmt":"2023-12-17T10:48:45","guid":{"rendered":"https:\/\/kustomshop.kinsta.cloud\/?page_id=1671"},"modified":"2024-12-17T11:10:52","modified_gmt":"2024-12-17T10:10:52","slug":"agb","status":"publish","type":"page","link":"https:\/\/shop.kustom.ch\/fr\/agb\/","title":{"rendered":"CONDITIONS G\u00c9N\u00c9RALES DE VENTE"},"content":{"rendered":"<div data-elementor-type=\"wp-page\" data-elementor-id=\"1671\" class=\"elementor elementor-1671\" data-elementor-post-type=\"page\">\n\t\t\t\t\t\t<section class=\"elementor-section elementor-top-section elementor-element elementor-element-a0519a1 elementor-section-full_width elementor-section-height-default elementor-section-height-default\" data-id=\"a0519a1\" data-element_type=\"section\" data-e-type=\"section\">\n\t\t\t\t\t\t<div class=\"elementor-container elementor-column-gap-default\">\n\t\t\t\t\t<div class=\"elementor-column elementor-col-100 elementor-top-column elementor-element elementor-element-b784f96\" data-id=\"b784f96\" data-element_type=\"column\" data-e-type=\"column\">\n\t\t\t<div class=\"elementor-widget-wrap elementor-element-populated\">\n\t\t\t\t\t\t<div class=\"elementor-element elementor-element-d92c1d9 u-title-dashes elementor-widget elementor-widget-heading\" data-id=\"d92c1d9\" data-element_type=\"widget\" data-e-type=\"widget\" data-widget_type=\"heading.default\">\n\t\t\t\t<div class=\"elementor-widget-container\">\n\t\t\t\t\t<h1 class=\"elementor-heading-title elementor-size-default\">CONDITIONS G\u00c9N\u00c9RALES DE VENTE<\/h1>\t\t\t\t<\/div>\n\t\t\t\t<\/div>\n\t\t\t\t\t<\/div>\n\t\t<\/div>\n\t\t\t\t\t<\/div>\n\t\t<\/section>\n\t\t\t\t<section class=\"elementor-section elementor-top-section elementor-element elementor-element-e4d6d20 elementor-section-full_width elementor-section-height-default elementor-section-height-default\" data-id=\"e4d6d20\" data-element_type=\"section\" data-e-type=\"section\">\n\t\t\t\t\t\t<div class=\"elementor-container elementor-column-gap-default\">\n\t\t\t\t\t<div class=\"elementor-column elementor-col-100 elementor-top-column elementor-element elementor-element-be5072c\" data-id=\"be5072c\" data-element_type=\"column\" data-e-type=\"column\">\n\t\t\t<div class=\"elementor-widget-wrap elementor-element-populated\">\n\t\t\t\t\t\t<div class=\"elementor-element elementor-element-2ae91ae agb-container elementor-widget elementor-widget-text-editor\" data-id=\"2ae91ae\" data-element_type=\"widget\" data-e-type=\"widget\" data-widget_type=\"text-editor.default\">\n\t\t\t\t<div class=\"elementor-widget-container\">\n\t\t\t\t\t\t\t\t\t<h3><strong>Conditions g\u00e9n\u00e9rales de vente (CGV)<br \/>pour les commandes sur www.shop.kustom.ch<\/strong><\/h3><p>Nous souhaitons vous pr\u00e9senter ci-apr\u00e8s les conditions g\u00e9n\u00e9rales sur lesquelles nous nous basons pour la fourniture de tous les services fournis sur www.shop.kustom.ch. Nous vous offrons sur www.shop.kustom.ch une exp\u00e9rience de shopping et de service personnalis\u00e9e, adapt\u00e9e \u00e0 vos int\u00e9r\u00eats et \u00e0 vos besoins. Sur www.shop.kustom.ch, nous vendons des articles de divers fabricants et fournisseurs.<\/p><h4>1. CONCLUSION DU CONTRAT ET LIVRAISON DES MARCHANDISES<\/h4><p><strong>1.1<\/strong>\u00a0Nous concluons des contrats sur www.shop.kustom.ch exclusivement en allemand. Il est toutefois possible d'afficher la page en anglais.<\/p><p><strong>1.2<\/strong>\u00a0Si vous commandez des articles sur www.shop.kustom.ch, votre partenaire contractuel est Kustom Schweiz AG, Mooswiesstrasse 30, 9200 Gossau, Suisse.<\/p><p><strong>1.3<\/strong>\u00a0En cliquant sur le bouton \"Envoyer la commande\", vous passez une commande ferme pour les articles de votre panier. Nous vous confirmons la r\u00e9ception de votre commande imm\u00e9diatement par e-mail apr\u00e8s l'envoi de la commande. Un contrat contraignant est conclu \u00e0 la r\u00e9ception de la confirmation de commande. Veuillez noter qu'en cas de paiement anticip\u00e9 (r\u00e9servation), la livraison de la marchandise command\u00e9e n'a lieu qu'une fois que nous avons re\u00e7u le paiement int\u00e9gral du prix d'achat et des \u00e9ventuels frais d'exp\u00e9dition. C'est pourquoi nous vous prions de bien vouloir effectuer le virement du prix d'achat imm\u00e9diatement apr\u00e8s r\u00e9ception de la confirmation de commande, au plus tard toutefois dans un d\u00e9lai de 7 jours.<\/p><p><strong>1.4\u00a0<\/strong>Vous acceptez de c\u00e9der les droits du vendeur au paiement du prix d'achat \u00e0 des tiers.<\/p><p><strong>1.5<\/strong>\u00a0Veuillez noter que nous ne sommes exceptionnellement pas tenus de livrer la marchandise command\u00e9e si nous l'avons command\u00e9e en bonne et due forme, mais que nous n'avons pas \u00e9t\u00e9 livr\u00e9s correctement ou \u00e0 temps (op\u00e9ration de couverture congruente). La condition pr\u00e9alable est en outre que nous ne soyons pas responsables de la non-disponibilit\u00e9 de la marchandise et que nous vous ayons imm\u00e9diatement inform\u00e9 de cette circonstance. En outre, nous ne devons pas avoir assum\u00e9 le risque d'approvisionnement de la marchandise command\u00e9e. En cas d'indisponibilit\u00e9 de la marchandise, nous vous rembourserons imm\u00e9diatement les paiements d\u00e9j\u00e0 effectu\u00e9s.<\/p><p><strong>1.6<\/strong>\u00a0Nous n'assumons pas le risque de devoir nous procurer une marchandise command\u00e9e (risque d'approvisionnement). Cela s'applique \u00e9galement \u00e0 la commande de marchandises qui ne sont d\u00e9crites que par leur type et leurs caract\u00e9ristiques (marchandises g\u00e9n\u00e9riques). Nous ne sommes tenus de livrer que les marchandises de notre stock et celles que nous avons command\u00e9es \u00e0 nos fournisseurs. Les stocks de marchandises indiqu\u00e9s sur www.shop.kustom.ch sont donn\u00e9s sous r\u00e9serve et ne sont pas contraignants. La livraison de la marchandise est effectu\u00e9e par un transporteur mandat\u00e9 par Kustom Suisse SA \u00e0 l'adresse souhait\u00e9e par le client dans le cadre du processus de commande, exclusivement en Suisse et au Liechtenstein. Tous les d\u00e9lais indiqu\u00e9s sont des jours ouvrables, nous entendons par l\u00e0 tous les jours du lundi au vendredi inclus, \u00e0 l'exception des jours f\u00e9ri\u00e9s l\u00e9gaux.<\/p><p><strong>1.7<\/strong>\u00a0Le d\u00e9lai de livraison pour tous les articles est de 4 \u00e0 5 jours ouvrables, \u00e0 l'exception des produits pour lesquels un d\u00e9lai d'exp\u00e9dition diff\u00e9rent est indiqu\u00e9 dans la description du produit.<\/p><p><strong>1.8<\/strong>\u00a0Nous sommes autoris\u00e9s \u00e0 effectuer des livraisons partielles, dans la mesure o\u00f9 cela est acceptable pour vous. Des frais d'exp\u00e9dition suppl\u00e9mentaires ne sont factur\u00e9s qu'en cas d'accord explicite.<\/p><h4>2. PRIX ET FRAIS D'EXP\u00c9DITION<\/h4><p><strong>2.1<\/strong>\u00a0Les prix applicables sont ceux indiqu\u00e9s dans l'offre au moment de la commande. Les prix indiqu\u00e9s sont des prix finaux, c'est-\u00e0-dire qu'ils comprennent la taxe sur la valeur ajout\u00e9e l\u00e9gale suisse en vigueur. Jusqu'au paiement complet du prix d'achat, la marchandise reste notre propri\u00e9t\u00e9 ou celle de Kustom Schweiz AG.<\/p><p><strong>2.2<\/strong>\u00a0Les frais d'envoi s'\u00e9l\u00e8vent \u00e0 CHF 9.50 par commande. A partir d'une valeur de marchandise de CHF 100.00, nous prenons en charge les frais d'envoi pour vous.<\/p><h4>3\u00c8ME PAIEMENT<\/h4><p><strong>3.1<\/strong>\u00a0En principe, nous proposons les modes de paiement TWINT, cartes de cr\u00e9dit et Paypal. Pour chaque commande, nous nous r\u00e9servons le droit de ne pas proposer certains modes de paiement et de renvoyer \u00e0 d'autres modes de paiement.<\/p><p><strong>3.2<\/strong>\u00a0En cas d'achat par carte de cr\u00e9dit, TWINT ou Paypal, votre compte est d\u00e9bit\u00e9 au moment de l'ex\u00e9cution de la commande.<\/p><p><strong>3.3<\/strong>\u00a0En cas d'achat sur facture, vous serez inform\u00e9 de l'\u00e9ch\u00e9ance du prix d'achat sur la confirmation de commande lors de la conclusion du contrat. Les factures sont payables dans un d\u00e9lai de 7 jours.<\/p><p><strong>3.4<\/strong>\u00a0Vous acceptez de recevoir les factures et les notes de cr\u00e9dit exclusivement sous forme \u00e9lectronique.<\/p><h4>4. BONS DE PROMOTION ET LEUR UTILISATION<\/h4><p><strong>4.1<\/strong>\u00a0Les bons d'action sont des bons qui ne peuvent pas \u00eatre achet\u00e9s, mais que nous \u00e9mettons dans le cadre de campagnes publicitaires avec une dur\u00e9e de validit\u00e9 d\u00e9termin\u00e9e.<\/p><p><strong>4.2<\/strong>\u00a0Les bons d'achat promotionnels ne sont utilisables que pendant la p\u00e9riode indiqu\u00e9e et une seule fois dans le cadre d'un processus de commande. Certaines marques ou certains produits peuvent \u00eatre exclus de l'action de bons d'achat. Les bons d'achat promotionnels ne peuvent pas \u00eatre utilis\u00e9s pour l'achat de ch\u00e8ques-cadeaux. Veuillez noter que les bons d'action peuvent \u00eatre li\u00e9s \u00e0 un montant minimum de commande.<\/p><p><strong>4.3<\/strong>\u00a0La valeur de la marchandise doit \u00eatre au moins \u00e9gale au montant du bon d'action. Une diff\u00e9rence avec une valeur de marchandise sup\u00e9rieure peut \u00eatre compens\u00e9e par les moyens de paiement propos\u00e9s. La valeur d'un bon d'achat promotionnel n'est pas rembours\u00e9e en esp\u00e8ces et ne rapporte pas d'int\u00e9r\u00eats. Le bon d'achat promotionnel n'est pas rembours\u00e9 en cas de retour partiel ou total de la marchandise.<\/p><p><strong>4.4<\/strong>\u00a0Les bons d'action ne peuvent \u00eatre utilis\u00e9s qu'avant la fin du processus de commande. Une compensation ult\u00e9rieure n'est pas possible. Le bon d'achat promotionnel ne peut pas \u00eatre transf\u00e9r\u00e9 \u00e0 un tiers. Plusieurs bons d'action ne peuvent pas \u00eatre combin\u00e9s entre eux, sauf si nous en avons convenu autrement.<\/p><p><strong>4.5<\/strong>\u00a0Nous nous r\u00e9servons le droit de r\u00e9clamer le remboursement des sommes prises en compte en cas d'abus ou de fraude au syst\u00e8me de bons d'action.<\/p><p><strong>4.6<\/strong>\u00a0Si vous avez utilis\u00e9 un bon d'achat promotionnel lors de votre achat, nous nous r\u00e9servons le droit de vous facturer le prix initial des marchandises que vous conservez si - en raison de votre r\u00e9tractation - la valeur totale de la commande est inf\u00e9rieure ou \u00e9gale \u00e0 la valeur respective du bon d'achat promotionnel.<\/p><h4>5. LES POINTS LOXO<\/h4><p><strong>5.1<\/strong>\u00a0Les points Loxo \u00e9taient des avoirs qui vous \u00e9taient cr\u00e9dit\u00e9s en r\u00e9compense apr\u00e8s un achat. Les points Loxo acquis avaient une dur\u00e9e de validit\u00e9 de 60 jours et pouvaient \u00eatre utilis\u00e9s pour de futures commandes en tant que remise sur les marchandises. Au 31 juillet 2023, tous les points Loxo avaient expir\u00e9 et il n'\u00e9tait plus possible d'en acqu\u00e9rir de nouveaux.<\/p><h4>6. CH\u00c8QUES-CADEAUX ET LEUR UTILISATION<\/h4><p><strong>6.1<\/strong>\u00a0Les ch\u00e8ques-cadeaux sont des bons que vous pouvez acheter. Ils ne peuvent \u00eatre utilis\u00e9s que pour l'achat sur www.shop.kustom.ch, et non pour l'achat d'autres ch\u00e8ques-cadeaux. Si le solde d'un ch\u00e8que-cadeau ne suffit pas \u00e0 couvrir la commande, la diff\u00e9rence peut \u00eatre compens\u00e9e par les moyens de paiement propos\u00e9s.<\/p><p><strong>6.2<\/strong>\u00a0Les ch\u00e8ques-cadeaux et les avoirs ne peuvent \u00eatre utilis\u00e9s qu'avant la fin du processus de commande. Le solde d'un ch\u00e8que-cadeau n'est pas rembours\u00e9 en esp\u00e8ces et ne porte pas d'int\u00e9r\u00eats. Pour utiliser les ch\u00e8ques-cadeaux, saisissez le code du ch\u00e8que-cadeau lors du processus de commande.<\/p><h4>7. RETOURS \/ DROIT DE R\u00c9TRACTATION<\/h4><p>Le client peut annuler sa commande de marchandises sans justification en retournant la marchandise command\u00e9e. La r\u00e9tractation par retour doit \u00eatre effectu\u00e9e au plus tard dans les 14 jours suivant la livraison de la marchandise au client. Sont exclus du droit de retour les marchandises n\u00e9cessitant un montage avant livraison, les maillots de bain, les bijoux, les textiles avec finitions individuelles ainsi que les cartes cadeaux. Kustom reprend exclusivement les marchandises intactes, non port\u00e9es et compl\u00e8tes dans leur emballage d'origine, accompagn\u00e9es de la confirmation de retour \u00e9tablie par Kustom Suisse SA. Pour retourner des articles, le client doit se rendre sur la page\u00a0<a href=\"https:\/\/www.shop.kustom.ch\/mein-konto\/orders\/\">Mes commandes<\/a>\u00a0s\u00e9lectionner la commande concern\u00e9e et demander le retour du produit souhait\u00e9. Apr\u00e8s v\u00e9rification de la demande de retour, le client re\u00e7oit une confirmation de retour \u00e9tablie par Kustom Suisse SA avec des instructions pour le retour.<\/p><p>Veuillez noter que<\/p><ul><li>La marchandise doit \u00eatre retourn\u00e9e dans son emballage d'origine.<\/li><li>La confirmation de retour imprim\u00e9e doit \u00eatre jointe.<\/li><li>Le retour se fait aux frais et aux risques du client.<\/li><li>Les colis non affranchis ne seront pas accept\u00e9s par Kustom Suisse SA et seront retourn\u00e9s \u00e0 l'exp\u00e9diteur \u00e0 ses frais.<\/li><li>Pour que le d\u00e9lai soit respect\u00e9, il suffit de retourner le produit \u00e0 temps, dans les 5 jours suivant la r\u00e9ception de la confirmation de retour.<\/li><li>En cas de r\u00e9clamation ou de d\u00e9saccord, le service client\u00e8le de Kustom Suisse SA est \u00e0 votre disposition au 071 380 05 05 et mail@kustom.ch.<\/li><li>En cas de retour \u00e0 Kustom Schweiz AG, le remboursement de la valeur de la marchandise s'effectue au plus tard dans les 10 jours suivant la r\u00e9ception de la marchandise par Kustom Schweiz AG.<\/li><\/ul><p>Le client a deux possibilit\u00e9s pour faire valoir son droit de retour ou de r\u00e9tractation :<\/p><h4>7.1 RETOUR PAR LA POSTE SUISSE<\/h4><p>Le client doit renvoyer la marchandise par la poste \u00e0 l'adresse ci-dessous, accompagn\u00e9e d'une impression de la confirmation de retour.<\/p><p>Kustom Suisse SA<br \/>Logistique - Retours<br \/>30, rue Mooswies<br \/>9200 Gossau<br \/>Suisse<\/p><h4>7.2 RETOUR CHEZ KUSTOM SUISSE SA<\/h4><p>La marchandise peut \u00eatre retourn\u00e9e \u00e0 Kustom Suisse SA, Mooswiesstrasse 30, 9200 Gossau, pendant les heures d'ouverture des bureaux (lu-ve, 08.00-12.00 h | 13.30-17.30 h) en imprimant la confirmation de retour.<\/p><h4>8. REMBOURSEMENTS<\/h4><p>Les \u00e9ventuels remboursements sont automatiquement effectu\u00e9s sur le compte que vous avez utilis\u00e9 pour le paiement. En cas de paiement par facture ou par paiement anticip\u00e9, le remboursement est ordonn\u00e9 sur le compte \u00e0 partir duquel le virement a \u00e9t\u00e9 effectu\u00e9. Si vous avez pay\u00e9 par Paypal, TWINT ou carte de cr\u00e9dit, le remboursement est effectu\u00e9 sur le compte TWINT, Paypal ou carte de cr\u00e9dit associ\u00e9. Si vous avez utilis\u00e9 un ch\u00e8que-cadeau lors de votre achat, nous cr\u00e9diterons le montant correspondant sur votre compte de ch\u00e8que-cadeau.<\/p><h4>9. SERVICE \u00c0 LA CLIENT\u00c8LE<\/h4><p>Si vous avez des questions, n'h\u00e9sitez pas \u00e0 consulter nos pages d'aide ou \u00e0 nous contacter.<\/p><h4>10. R\u00c9CLAMATION \/ GARANTIE<\/h4><p><strong>10.1<\/strong>\u00a0Le client doit v\u00e9rifier imm\u00e9diatement les \u00e9ventuels d\u00e9fauts de la marchandise command\u00e9e apr\u00e8s sa livraison par le transporteur. Le client doit faire valoir ses r\u00e9clamations imm\u00e9diatement, mais au plus tard dans les 14 jours suivant la livraison de la marchandise au client, aussi bien aupr\u00e8s du transporteur que de Kustom Schweiz AG. Les d\u00e9fauts qui n'\u00e9taient pas visibles lors de l'examen imm\u00e9diat et en bonne et due forme du client (vices cach\u00e9s) doivent \u00eatre signal\u00e9s imm\u00e9diatement apr\u00e8s leur d\u00e9couverte, tant au transporteur qu'\u00e0 Kustom Schweiz AG.<\/p><p>Kustom Schweiz AG garantit l'absence de d\u00e9fauts de la marchandise command\u00e9e pendant un d\u00e9lai de 2 ans. Le d\u00e9lai de 2 ans commence \u00e0 courir \u00e0 partir de l'envoi de la marchandise command\u00e9e au client. Pendant cette p\u00e9riode, tous les d\u00e9fauts soumis \u00e0 la garantie seront r\u00e9par\u00e9s gratuitement, \u00e0 condition que le client ait signal\u00e9 le d\u00e9faut dans les d\u00e9lais. Les droits de garantie du client sont limit\u00e9s \u00e0 la livraison de remplacement ou \u00e0 la r\u00e9paration des d\u00e9fauts, \u00e0 l'exclusion de tous les autres droits \u00e9ventuels, notamment d'\u00e9ventuels dommages et int\u00e9r\u00eats pour des dommages directs (imm\u00e9diats) ou indirects (induits). Kustom Schweiz AG d\u00e9cide \u00e0 sa discr\u00e9tion de la livraison de remplacement ou de l'\u00e9limination des d\u00e9fauts. Le droit \u00e0 la garantie s'\u00e9teint pour les dommages r\u00e9sultant d'une manipulation ou d'une utilisation non conforme de la marchandise.<\/p><p><strong>10.2\u00a0<\/strong>En cas d'erreur dans l'indication des prix ou dans la description des marchandises, Kustom Suisse SA n'est pas li\u00e9e par l'indication erron\u00e9e.<\/p><h4>11. PROTECTION DES DONN\u00c9ES<\/h4><p>www.shop.kustom.ch accorde une grande importance \u00e0 la protection des donn\u00e9es personnelles de ses clients. Pour plus d'informations sur la mani\u00e8re dont www.shop.kustom.ch traite les donn\u00e9es, voir les\u00a0<a href=\"https:\/\/www.shop.kustom.ch\/datenschutz\">Politique de confidentialit\u00e9<\/a>.<\/p><h4>12) RESPONSABILIT\u00c9<\/h4><p>Kustom Suisse SA exclut toute responsabilit\u00e9, dans la mesure autoris\u00e9e par la loi, pour tous les dommages directs (ou imm\u00e9diats) et indirects (ou m\u00e9diats) r\u00e9sultant de l'utilisation de la boutique en ligne ou dans le cadre de commandes de marchandises ou de la conclusion de contrats via la boutique en ligne. En particulier, Kustom Schweiz AG exclut toute responsabilit\u00e9 en cas de n\u00e9gligence l\u00e9g\u00e8re ou moyenne. De m\u00eame, Kustom Schweiz AG n'assume aucune responsabilit\u00e9 contractuelle ou extracontractuelle pour les dommages caus\u00e9s par des personnes auxiliaires auxquelles il est fait appel pour la fourniture de prestations.<\/p><h4>13. AUTRES DISPOSITIONS<\/h4><p><strong>13.1\u00a0<\/strong>Chaque client n'est autoris\u00e9 \u00e0 avoir qu'un seul compte client \u00e0 la fois sur www.shop.kustom.ch. Nous nous r\u00e9servons le droit de supprimer les inscriptions multiples.<\/p><p><strong>13.2<\/strong>\u00a0Vous pouvez consulter ces CGV sur www.shop.kustom.ch. En outre, vous pouvez imprimer ou enregistrer ce document en utilisant la fonction habituelle de votre programme de services Internet (= navigateur : l\u00e0, g\u00e9n\u00e9ralement \"Fichier\" -&gt; \"Enregistrer sous\").<\/p><h4>14. DROIT APPLICABLE \/ JURIDICTION COMP\u00c9TENTE<\/h4><p>Tous les rapports juridiques entre le client et Kustom Suisse SA sont soumis au droit suisse. La Convention de Vienne sur la vente internationale de marchandises n'est pas applicable.<\/p><p>Le tribunal comp\u00e9tent pour les litiges d\u00e9coulant ou en rapport avec les rapports juridiques entre Kustom Schweiz AG et le client est Gossau SG.<\/p><h4>15. CLAUSE DE SAUVEGARDE<\/h4><p>Si certaines dispositions des CGV sont ou deviennent invalides ou inefficaces, ou si les CGV pr\u00e9sentent une lacune impr\u00e9vue, la validit\u00e9 des autres dispositions et des CGV dans leur ensemble n'est pas affect\u00e9e. Les dispositions invalides ou manquantes seront remplac\u00e9es par le droit applicable.<\/p><p><em>VOTRE \u00c9QUIPE KUSTOM<\/em><\/p>\t\t\t\t\t\t\t\t<\/div>\n\t\t\t\t<\/div>\n\t\t\t\t\t<\/div>\n\t\t<\/div>\n\t\t\t\t\t<\/div>\n\t\t<\/section>\n\t\t\t\t<\/div>","protected":false},"excerpt":{"rendered":"<p>AGB Allgemeine Gesch\u00e4ftsbedingungen (AGB)f\u00fcr Bestellungen \u00fcber www.shop.kustom.ch Im Folgenden m\u00f6chten wir Ihnen unsere Allgemeinen Gesch\u00e4ftsbedingungen vorstellen, die wir f\u00fcr die Erbringung aller auf www.shop.kustom.ch erbrachten Leistungen zugrunde legen. Wir bieten Ihnen auf www.shop.kustom.ch personalisiertes, an Ihre Interessen und Bed\u00fcrfnisse angepasstes Shopping- und Service-Erlebnis. Auf www.shop.kustom.ch verkaufen wir Artikel von diversen Herstellern und Zulieferern. 1. VERTRAGSSCHLUSS [&hellip;]<\/p>\n","protected":false},"author":2,"featured_media":0,"parent":0,"menu_order":0,"comment_status":"closed","ping_status":"closed","template":"elementor_header_footer","meta":{"footnotes":""},"class_list":["post-1671","page","type-page","status-publish","hentry"],"acf":[],"_links":{"self":[{"href":"https:\/\/shop.kustom.ch\/fr\/wp-json\/wp\/v2\/pages\/1671"}],"collection":[{"href":"https:\/\/shop.kustom.ch\/fr\/wp-json\/wp\/v2\/pages"}],"about":[{"href":"https:\/\/shop.kustom.ch\/fr\/wp-json\/wp\/v2\/types\/page"}],"author":[{"embeddable":true,"href":"https:\/\/shop.kustom.ch\/fr\/wp-json\/wp\/v2\/users\/2"}],"replies":[{"embeddable":true,"href":"https:\/\/shop.kustom.ch\/fr\/wp-json\/wp\/v2\/comments?post=1671"}],"version-history":[{"count":3,"href":"https:\/\/shop.kustom.ch\/fr\/wp-json\/wp\/v2\/pages\/1671\/revisions"}],"predecessor-version":[{"id":483124,"href":"https:\/\/shop.kustom.ch\/fr\/wp-json\/wp\/v2\/pages\/1671\/revisions\/483124"}],"wp:attachment":[{"href":"https:\/\/shop.kustom.ch\/fr\/wp-json\/wp\/v2\/media?parent=1671"}],"curies":[{"name":"wp","href":"https:\/\/api.w.org\/{rel}","templated":true}]}}