{"id":97656,"date":"2024-03-20T17:02:55","date_gmt":"2024-03-20T16:02:55","guid":{"rendered":"https:\/\/kustomshop.kinsta.cloud\/produkt\/i2-control-w\/"},"modified":"2026-03-27T15:57:36","modified_gmt":"2026-03-27T14:57:36","slug":"i2-control-w","status":"publish","type":"product","link":"https:\/\/shop.kustom.ch\/en\/product\/i2-control-w\/","title":{"rendered":"i2 Control W"},"content":{"rendered":"<p>i2 Control is a high-quality multifunctional indoor sports shoe. It is flat, lightweight and hard-wearing, has a high level of grip and offers plenty of grip when changing direction quickly. At the same time, it offers maximum stability and comfort. The shoe combines a high rebound foam for midfoot support with a rubber outsole to guarantee perfect grip and controlled performance. The upper combines breathability, flexibility and support.<\/p>\n<p>- Breathable mesh upper shoe<br \/>\n- Upper shoe with cut and sewn and seamlessly processed elements for increased stability<br \/>\n- Lightweight EVA midsole<br \/>\n- Outsole with grippy high-tech rubber material for high traction<br \/>\n- TPU chassis for unique stability<br \/>\n- Normal fit<br \/>\n- Weight for size 8 (UK) 31 g<br \/>\n- Height under the heel: 2 mm<br \/>\n- Drop: 8 mm<\/p>\n<p>Material: PU + textile ( polyester ) + TPU. Midsole: 100% EVA foam. Sole: 100% rubber<\/p>","protected":false},"excerpt":{"rendered":"<p>i2 Control ist ein hochwertiger multifunktionaler Hallensportschuh. Er ist flach, leicht und strapazierf\u00e4hig, verf\u00fcgt \u00fcber eine hohe Griffigkeit und bietet viel Grip bei schnellem Richtungswechsel. Gleichzeitig bietet er maximale Stabilit\u00e4t und h\u00f6chsten Komfort. Der Schuh kombiniert einen Schaumstoff mit hohem Rebound zur Mittelfussunterst\u00fctzung mit einer Kautschukaussensohle, um eine perfekte Griffigkeit und kontrollierte Performance zu garantieren. [&hellip;]<\/p>\n","protected":false},"featured_media":706518,"template":"","meta":[],"product_brand":[],"product_cat":[4197],"product_tag":[],"class_list":{"0":"post-97656","1":"product","2":"type-product","3":"status-publish","4":"has-post-thumbnail","6":"product_cat-schuhe-sandalen","7":"pa_brand-craft","8":"pa_brand-type-sportswear","9":"pa_filter-color-gelb","10":"pa_filter-color-grau","12":"first","13":"instock","14":"sale","15":"taxable","16":"shipping-taxable","17":"purchasable","18":"product-type-variable","19":"add-to-wishlist-before_image"},"exclude_global_add_ons":[],"addons":[],"acf":[],"_links":{"self":[{"href":"https:\/\/shop.kustom.ch\/en\/wp-json\/wp\/v2\/product\/97656"}],"collection":[{"href":"https:\/\/shop.kustom.ch\/en\/wp-json\/wp\/v2\/product"}],"about":[{"href":"https:\/\/shop.kustom.ch\/en\/wp-json\/wp\/v2\/types\/product"}],"wp:featuredmedia":[{"embeddable":true,"href":"https:\/\/shop.kustom.ch\/en\/wp-json\/wp\/v2\/media\/706518"}],"wp:attachment":[{"href":"https:\/\/shop.kustom.ch\/en\/wp-json\/wp\/v2\/media?parent=97656"}],"wp:term":[{"taxonomy":"product_brand","embeddable":true,"href":"https:\/\/shop.kustom.ch\/en\/wp-json\/wp\/v2\/product_brand?post=97656"},{"taxonomy":"product_cat","embeddable":true,"href":"https:\/\/shop.kustom.ch\/en\/wp-json\/wp\/v2\/product_cat?post=97656"},{"taxonomy":"product_tag","embeddable":true,"href":"https:\/\/shop.kustom.ch\/en\/wp-json\/wp\/v2\/product_tag?post=97656"}],"curies":[{"name":"wp","href":"https:\/\/api.w.org\/{rel}","templated":true}]}}