{"id":97576,"date":"2024-03-20T17:02:33","date_gmt":"2024-03-20T16:02:33","guid":{"rendered":"https:\/\/kustomshop.kinsta.cloud\/produkt\/i1-cage-w\/"},"modified":"2026-03-27T15:57:01","modified_gmt":"2026-03-27T14:57:01","slug":"i1-cage-w","status":"publish","type":"product","link":"https:\/\/shop.kustom.ch\/en\/product\/i1-cage-w\/","title":{"rendered":"i1 Cage W"},"content":{"rendered":"<p>This lightweight, fast shoe enables high speeds and still offers high durability and maximum grip. A flat layer of ARC Foam\u2122 foam with a rubber outsole ensures perfect grip with an excellent feeling of ground contact. The shape is designed for maximum lateral stability. The upper of the shoe features a flexible, lightweight and incredibly strong KPU grid structure. This shoe has all the features for competitive indoor sports.<\/p>\n<p>- Upper material made from hard-wearing and breathable mesh nylon<br \/>\n- KPU grid structure with flexible lamellae in the centre of the foot, stability layer in the heel area, solid reinforcements in the toe area and additional side reinforcements to prevent slipping<br \/>\n- Midsole made from ARC Foam\u2122 foam with optimum response<br \/>\n- Outsole with grippy high-tech rubber material for high traction<br \/>\n- TPU chassis for unique stability<\/p>\n<p>Material: 70% polyamide, 30% polyester + KPU. Midsole : 100% EVA foam. Sole : 100% rubber<\/p>","protected":false},"excerpt":{"rendered":"<p>Dieser leichte, schnelle Schuh erm\u00f6glicht hohe Geschwindigkeiten und bietet dennoch eine hohe Strapazierf\u00e4higkeit und h\u00f6chsten Halt. Eine flache Schicht aus ARC Foam\u2122 Schaumstoff mit einer Kautschukaussensohle sorgt f\u00fcr eine perfekte Griffigkeit mit einem hervorragenden Gef\u00fchl des Bodenkontakts. Die Form ist f\u00fcr eine maximale Seitenstabilit\u00e4t ausgelegt. Das Obermaterial des Schuhs weist eine flexible, leichte und unglaublich [&hellip;]<\/p>\n","protected":false},"featured_media":706517,"template":"","meta":[],"product_brand":[],"product_cat":[4197],"product_tag":[],"class_list":{"0":"post-97576","1":"product","2":"type-product","3":"status-publish","4":"has-post-thumbnail","6":"product_cat-schuhe-sandalen","7":"pa_brand-craft","8":"pa_brand-type-sportswear","9":"pa_filter-color-schwarz","10":"pa_filter-color-weiss","12":"first","13":"instock","14":"sale","15":"taxable","16":"shipping-taxable","17":"purchasable","18":"product-type-variable","19":"add-to-wishlist-before_image"},"exclude_global_add_ons":[],"addons":[],"acf":[],"_links":{"self":[{"href":"https:\/\/shop.kustom.ch\/en\/wp-json\/wp\/v2\/product\/97576"}],"collection":[{"href":"https:\/\/shop.kustom.ch\/en\/wp-json\/wp\/v2\/product"}],"about":[{"href":"https:\/\/shop.kustom.ch\/en\/wp-json\/wp\/v2\/types\/product"}],"wp:featuredmedia":[{"embeddable":true,"href":"https:\/\/shop.kustom.ch\/en\/wp-json\/wp\/v2\/media\/706517"}],"wp:attachment":[{"href":"https:\/\/shop.kustom.ch\/en\/wp-json\/wp\/v2\/media?parent=97576"}],"wp:term":[{"taxonomy":"product_brand","embeddable":true,"href":"https:\/\/shop.kustom.ch\/en\/wp-json\/wp\/v2\/product_brand?post=97576"},{"taxonomy":"product_cat","embeddable":true,"href":"https:\/\/shop.kustom.ch\/en\/wp-json\/wp\/v2\/product_cat?post=97576"},{"taxonomy":"product_tag","embeddable":true,"href":"https:\/\/shop.kustom.ch\/en\/wp-json\/wp\/v2\/product_tag?post=97576"}],"curies":[{"name":"wp","href":"https:\/\/api.w.org\/{rel}","templated":true}]}}