{"id":97264,"date":"2024-03-20T17:01:22","date_gmt":"2024-03-20T16:01:22","guid":{"rendered":"https:\/\/kustomshop.kinsta.cloud\/produkt\/v150-engineered-w\/"},"modified":"2026-03-27T16:03:59","modified_gmt":"2026-03-27T15:03:59","slug":"v150-engineered-w","status":"publish","type":"product","link":"https:\/\/shop.kustom.ch\/en\/product\/v150-engineered-w\/","title":{"rendered":"V150 Engineered W"},"content":{"rendered":"<p>Lightweight running shoe with excellent flexibility and high rebound. Ideal for longer runs and interval training.<\/p>\n<p>- Anatomical fit<br \/>\n- Based on GATE technology (Grip, Anatomy, Torsion, Energy Return)<br \/>\n- Specific design that follows the natural shape of the foot. Its anatomical fit in the toe area and its well thought-out flexibility in strategic places allow optimal muscle work and corresponding performance<br \/>\n- The running shoe offers neutral stability to ensure good motion control for runners with normal pronation and normal foot movement. The lightweight<br \/>\n- The lightweight mesh on the top guarantees high breathability<br \/>\n- Heel support on the outside made of moulded TPU<br \/>\n- Drop: 6mm<\/p>\n<p>Material: Upper: 60% polyester, 40% polyamide. Midsole: EVA foam. Lining: 100% polyester. Outsole: 100% rubber<\/p>","protected":false},"excerpt":{"rendered":"<p>Leichter Laufschuh mit hervorragender Flexibilit\u00e4t und hohem Rebound. Optimal f\u00fcr l\u00e4ngere L\u00e4ufe und Intervalltraining. \u2022 Anatomische Passform \u2022 Basiert auf der GATE-Technologie (Grip, Anatomie, Torsion, Energy Return) \u2022 Spezifisches Design, das der nat\u00fcrlichen Form des Fusses folgt. Seine anatomische Passform beim Zehenbereich und seine durchdachte Flexibilit\u00e4t an strategischen Stellen erlauben eine optimale Muskelarbeit und entsprechende [&hellip;]<\/p>\n","protected":false},"featured_media":706538,"template":"","meta":[],"product_brand":[],"product_cat":[4197],"product_tag":[],"class_list":{"0":"post-97264","1":"product","2":"type-product","3":"status-publish","4":"has-post-thumbnail","6":"product_cat-schuhe-sandalen","7":"pa_brand-craft","8":"pa_brand-type-sportswear","9":"pa_filter-color-blau","10":"pa_filter-color-grau","11":"pa_filter-color-gruen","12":"pa_filter-color-orange","13":"pa_filter-color-pink","14":"pa_filter-color-rot","15":"pa_filter-color-schwarz","16":"pa_filter-color-weiss","18":"first","19":"instock","20":"sale","21":"taxable","22":"shipping-taxable","23":"purchasable","24":"product-type-variable","25":"add-to-wishlist-before_image"},"exclude_global_add_ons":[],"addons":[],"acf":[],"_links":{"self":[{"href":"https:\/\/shop.kustom.ch\/en\/wp-json\/wp\/v2\/product\/97264"}],"collection":[{"href":"https:\/\/shop.kustom.ch\/en\/wp-json\/wp\/v2\/product"}],"about":[{"href":"https:\/\/shop.kustom.ch\/en\/wp-json\/wp\/v2\/types\/product"}],"wp:featuredmedia":[{"embeddable":true,"href":"https:\/\/shop.kustom.ch\/en\/wp-json\/wp\/v2\/media\/706538"}],"wp:attachment":[{"href":"https:\/\/shop.kustom.ch\/en\/wp-json\/wp\/v2\/media?parent=97264"}],"wp:term":[{"taxonomy":"product_brand","embeddable":true,"href":"https:\/\/shop.kustom.ch\/en\/wp-json\/wp\/v2\/product_brand?post=97264"},{"taxonomy":"product_cat","embeddable":true,"href":"https:\/\/shop.kustom.ch\/en\/wp-json\/wp\/v2\/product_cat?post=97264"},{"taxonomy":"product_tag","embeddable":true,"href":"https:\/\/shop.kustom.ch\/en\/wp-json\/wp\/v2\/product_tag?post=97264"}],"curies":[{"name":"wp","href":"https:\/\/api.w.org\/{rel}","templated":true}]}}