{"id":97129,"date":"2024-03-20T17:00:34","date_gmt":"2024-03-20T16:00:34","guid":{"rendered":"https:\/\/kustomshop.kinsta.cloud\/produkt\/pro-control-impact-shorts-m\/"},"modified":"2026-03-27T15:09:14","modified_gmt":"2026-03-27T14:09:14","slug":"pro-control-impact-shorts-m","status":"publish","type":"product","link":"https:\/\/shop.kustom.ch\/en\/product\/pro-control-impact-shorts-m\/","title":{"rendered":"PRO Control Impact Shorts M"},"content":{"rendered":"<p>The Pro Control Impact Shorts are made from a woven, stretchy and highly functional fabric that offers freedom of movement and efficient body temperature management for optimal performance. These premium shorts feature an inner brief, side slits, pockets, an elasticated waistband and plenty of room for branding with club, sponsor or company logos.<br \/>\n- Shorts made from stretch fabric<br \/>\n-Long shorts with slits and pockets<br \/>\n-Elasticated waistband<br \/>\n-Space for the club\/company logos<br \/>\n-Environmentally friendly<\/p>\n<p>Material: Body: 90% polyester 10% elastane Lining: 84% polyester 16% elastane<\/p>","protected":false},"excerpt":{"rendered":"<p>Die Pro Control Impact Shorts besteht aus einem gewebten, elastischen und hochfunktionellen Material, das Bewegungsfreiheit und effizientes K\u00f6rpertemperaturmanagement f\u00fcr optimale Leistung bietet. Diese Premium-Shorts verf\u00fcgen \u00fcber einen Innenslip, Seitenschlitze, Taschen, einen elastischen Bund und viel Platz f\u00fcr das Branding mit Club-, Sponsor-, oder Firmenlogos. \u2022 Shorts aus Stretchgewebe \u2022Lange Shorts mit Schlitzen und Taschen \u2022Elastisches [&hellip;]<\/p>\n","protected":false},"featured_media":248869,"template":"","meta":[],"product_brand":[],"product_cat":[4198],"product_tag":[],"class_list":{"0":"post-97129","1":"product","2":"type-product","3":"status-publish","4":"has-post-thumbnail","6":"product_cat-shorts","7":"pa_brand-craft-teamwear","8":"pa_brand-type-sportswear","9":"pa_filter-color-blau","10":"pa_filter-color-schwarz","11":"pa_filter-color-weiss","13":"first","14":"instock","15":"sale","16":"taxable","17":"shipping-taxable","18":"purchasable","19":"product-type-variable","20":"add-to-wishlist-before_image"},"exclude_global_add_ons":[],"addons":[],"acf":[],"_links":{"self":[{"href":"https:\/\/shop.kustom.ch\/en\/wp-json\/wp\/v2\/product\/97129"}],"collection":[{"href":"https:\/\/shop.kustom.ch\/en\/wp-json\/wp\/v2\/product"}],"about":[{"href":"https:\/\/shop.kustom.ch\/en\/wp-json\/wp\/v2\/types\/product"}],"wp:featuredmedia":[{"embeddable":true,"href":"https:\/\/shop.kustom.ch\/en\/wp-json\/wp\/v2\/media\/248869"}],"wp:attachment":[{"href":"https:\/\/shop.kustom.ch\/en\/wp-json\/wp\/v2\/media?parent=97129"}],"wp:term":[{"taxonomy":"product_brand","embeddable":true,"href":"https:\/\/shop.kustom.ch\/en\/wp-json\/wp\/v2\/product_brand?post=97129"},{"taxonomy":"product_cat","embeddable":true,"href":"https:\/\/shop.kustom.ch\/en\/wp-json\/wp\/v2\/product_cat?post=97129"},{"taxonomy":"product_tag","embeddable":true,"href":"https:\/\/shop.kustom.ch\/en\/wp-json\/wp\/v2\/product_tag?post=97129"}],"curies":[{"name":"wp","href":"https:\/\/api.w.org\/{rel}","templated":true}]}}