{"id":97026,"date":"2024-03-20T17:00:08","date_gmt":"2024-03-20T16:00:08","guid":{"rendered":"https:\/\/kustomshop.kinsta.cloud\/produkt\/pro-control-impact-sl-m\/"},"modified":"2026-03-27T15:37:18","modified_gmt":"2026-03-27T14:37:18","slug":"pro-control-impact-sl-m","status":"publish","type":"product","link":"https:\/\/shop.kustom.ch\/en\/product\/pro-control-impact-sl-m\/","title":{"rendered":"PRO Control Impact SL M"},"content":{"rendered":"<p>Intensify your game with this high-quality sleeveless top. Made from lightweight, breathable fabric, the Pro Control Impact SL is made from almost 100% recycled polyester for a better environmental footprint. Made from lightweight, elasticated and recycled polyester fabric with excellent breathability, moisture transport and maximum freedom of movement. Mesh inserts for improved ventilation. Plenty of space for branding with club, sponsor or company logos.<br \/>\n- Lightweight, breathable material<br \/>\n-Mesh elements<br \/>\n-Narrow collar and tight cuffs<br \/>\n-Tight fit<br \/>\n-Space for club\/company logos<br \/>\n-Sleeveless<br \/>\n-Environmentally friendly<\/p>\n<p>Material: Front body: 100% recycled polyester Back body: 97% recycled polyester 3% polyester<\/p>","protected":false},"excerpt":{"rendered":"<p>Intensiviere Dein Spiel mit diesem hochwertigen \u00e4rmellosen Oberteil. Das Pro Control Impact SL, aus leichtem, atmungsaktivem Material, besteht zu knapp 100% aus recyceltem Polyester &#8211; f\u00fcr einen besseren \u00f6kologischen Fussabdruck. Aus leichtem, elastischem und recyceltem Polyestergewege mit hervorragender Atmungsaktivit\u00e4t, Feuchtigkeitstransport und maximaler Bewegungsfreiheit. Mesh-Eins\u00e4tze sorgen f\u00fcr eine verbesserte Bel\u00fcftung. Viel Platz f\u00fcr das Branding mit [&hellip;]<\/p>\n","protected":false},"featured_media":248854,"template":"","meta":[],"product_brand":[],"product_cat":[4202],"product_tag":[],"class_list":{"0":"post-97026","1":"product","2":"type-product","3":"status-publish","4":"has-post-thumbnail","6":"product_cat-tank-tops","7":"pa_brand-craft-teamwear","8":"pa_brand-type-sportswear","9":"pa_filter-color-blau","10":"pa_filter-color-rot","11":"pa_filter-color-schwarz","12":"pa_filter-color-weiss","14":"first","15":"instock","16":"sale","17":"taxable","18":"shipping-taxable","19":"purchasable","20":"product-type-variable","21":"add-to-wishlist-before_image"},"exclude_global_add_ons":[],"addons":[],"acf":[],"_links":{"self":[{"href":"https:\/\/shop.kustom.ch\/en\/wp-json\/wp\/v2\/product\/97026"}],"collection":[{"href":"https:\/\/shop.kustom.ch\/en\/wp-json\/wp\/v2\/product"}],"about":[{"href":"https:\/\/shop.kustom.ch\/en\/wp-json\/wp\/v2\/types\/product"}],"wp:featuredmedia":[{"embeddable":true,"href":"https:\/\/shop.kustom.ch\/en\/wp-json\/wp\/v2\/media\/248854"}],"wp:attachment":[{"href":"https:\/\/shop.kustom.ch\/en\/wp-json\/wp\/v2\/media?parent=97026"}],"wp:term":[{"taxonomy":"product_brand","embeddable":true,"href":"https:\/\/shop.kustom.ch\/en\/wp-json\/wp\/v2\/product_brand?post=97026"},{"taxonomy":"product_cat","embeddable":true,"href":"https:\/\/shop.kustom.ch\/en\/wp-json\/wp\/v2\/product_cat?post=97026"},{"taxonomy":"product_tag","embeddable":true,"href":"https:\/\/shop.kustom.ch\/en\/wp-json\/wp\/v2\/product_tag?post=97026"}],"curies":[{"name":"wp","href":"https:\/\/api.w.org\/{rel}","templated":true}]}}