{"id":97000,"date":"2024-03-20T17:00:01","date_gmt":"2024-03-20T16:00:01","guid":{"rendered":"https:\/\/kustomshop.kinsta.cloud\/produkt\/pro-control-impact-ls-tee-jr\/"},"modified":"2026-03-27T15:39:15","modified_gmt":"2026-03-27T14:39:15","slug":"pro-control-impact-ls-tee-jr","status":"publish","type":"product","link":"https:\/\/shop.kustom.ch\/en\/product\/pro-control-impact-ls-tee-jr\/","title":{"rendered":"Pro Control Impact LS Tee Jr"},"content":{"rendered":"<p>This high-quality, environmentally friendly and high-performance long-sleeved T-shirt will make you look good. Made from lightweight, stretchy and recycled polyester fabric, the Pro Control Impact LS Tee offers excellent breathability, moisture transport and freedom of movement. With mesh inserts for improved ventilation. Plenty of space for branding with your club, sponsor or company logos.<br \/>\n- Lightweight, breathable material<br \/>\n-Mesh elements<br \/>\n-Narrow collar and tight cuffs<br \/>\nTight-fitting sleeves<br \/>\n-Space for club\/company logos<br \/>\n-+BQ4<\/p>\n<p>Material: Front body: 100% Polyester-recycled Back body: 97% Polyester-recycled 3% Polyester<\/p>","protected":false},"excerpt":{"rendered":"<p>Mit diesem hochwertigen, umweltfreundlichen und leistungsstarken Langarm-T-Shirt kannst Du dich sehen lassen. Das Pro Control Impact LS Tee aus leichtem, elastischem und recyceltem Polyestergewebe bietet hervorragende Atmungsaktivit\u00e4t, Feuchtigkeitstransport und Bewegungsfreiheit. Mit Mesh-Eins\u00e4tzen f\u00fcr verbesserte Bel\u00fcftung. Viel Platz f\u00fcr das Branding mit deinen Club-, Sponsor-, oder Firmenlogos. \u2022 Leichtes, atmungsaktives Material \u2022Mesh-Elemente \u2022Enger Kragen und enge [&hellip;]<\/p>\n","protected":false},"featured_media":248849,"template":"","meta":[],"product_brand":[],"product_cat":[4201],"product_tag":[],"class_list":{"0":"post-97000","1":"product","2":"type-product","3":"status-publish","4":"has-post-thumbnail","6":"product_cat-t-shirts","7":"pa_brand-craft-teamwear","8":"pa_brand-type-sportswear","9":"pa_filter-color-blau","10":"pa_filter-color-rot","11":"pa_filter-color-schwarz","12":"pa_filter-color-weiss","14":"first","15":"instock","16":"sale","17":"taxable","18":"shipping-taxable","19":"purchasable","20":"product-type-variable","21":"add-to-wishlist-before_image"},"exclude_global_add_ons":[],"addons":[],"acf":[],"_links":{"self":[{"href":"https:\/\/shop.kustom.ch\/en\/wp-json\/wp\/v2\/product\/97000"}],"collection":[{"href":"https:\/\/shop.kustom.ch\/en\/wp-json\/wp\/v2\/product"}],"about":[{"href":"https:\/\/shop.kustom.ch\/en\/wp-json\/wp\/v2\/types\/product"}],"wp:featuredmedia":[{"embeddable":true,"href":"https:\/\/shop.kustom.ch\/en\/wp-json\/wp\/v2\/media\/248849"}],"wp:attachment":[{"href":"https:\/\/shop.kustom.ch\/en\/wp-json\/wp\/v2\/media?parent=97000"}],"wp:term":[{"taxonomy":"product_brand","embeddable":true,"href":"https:\/\/shop.kustom.ch\/en\/wp-json\/wp\/v2\/product_brand?post=97000"},{"taxonomy":"product_cat","embeddable":true,"href":"https:\/\/shop.kustom.ch\/en\/wp-json\/wp\/v2\/product_cat?post=97000"},{"taxonomy":"product_tag","embeddable":true,"href":"https:\/\/shop.kustom.ch\/en\/wp-json\/wp\/v2\/product_tag?post=97000"}],"curies":[{"name":"wp","href":"https:\/\/api.w.org\/{rel}","templated":true}]}}