{"id":96021,"date":"2024-03-20T16:54:56","date_gmt":"2024-03-20T15:54:56","guid":{"rendered":"https:\/\/kustomshop.kinsta.cloud\/produkt\/fuseknit-bike-boxer-m\/"},"modified":"2026-03-27T14:39:18","modified_gmt":"2026-03-27T13:39:18","slug":"fuseknit-bike-boxer-m","status":"publish","type":"product","link":"https:\/\/shop.kustom.ch\/en\/product\/fuseknit-bike-boxer-m\/","title":{"rendered":"Fuseknit Bike Boxer M"},"content":{"rendered":"<p>Elasticated biker shorts with seamless finish for wearing under cycling shorts.<\/p>\n<p>- Comfortable, abrasion-resistant biker shorts to wear under wide shorts or cycling shorts or when additional padding is required<br \/>\n- Highly elasticated material for a perfect fit and unrestricted freedom of movement<br \/>\n- Excellent moisture transport<br \/>\n- Ergonomic design for an optimal fit in the racing position<br \/>\n- Men's seat cushion Infinity C4<\/p>\n<p>Material: 76% Polyester -recycled, 18% Polyamide, 6% Elastane<\/p>","protected":false},"excerpt":{"rendered":"<p>Elastische Biker-Shorts mit nahtloser Verarbeitung zum Tragen unter der Radhose. &#8211; Bequeme, abriebfeste Biker-Shorts zum Anziehen unter weiten Shorts oder unter der Radhose oder bei Bedarf an zus\u00e4tzlicher Polsterung &#8211; Hochelastisches Material f\u00fcr einen optimalen Sitz und uneingeschr\u00e4nkte Bewegungsfreiheit &#8211; Hervorragender Feuchtigkeitstransport &#8211; Ergonomisches Design f\u00fcr einen optimalen Sitz in Rennposition &#8211; Herren-Sitzpolster Infinity C4 [&hellip;]<\/p>\n","protected":false},"featured_media":248710,"template":"","meta":[],"product_brand":[],"product_cat":[4198],"product_tag":[],"class_list":{"0":"post-96021","1":"product","2":"type-product","3":"status-publish","4":"has-post-thumbnail","6":"product_cat-shorts","7":"pa_brand-craft-retail-sportswear","8":"pa_brand-type-sportswear","9":"pa_filter-color-schwarz","11":"first","12":"instock","13":"sale","14":"taxable","15":"shipping-taxable","16":"purchasable","17":"product-type-variable","18":"add-to-wishlist-before_image"},"exclude_global_add_ons":[],"addons":[],"acf":[],"_links":{"self":[{"href":"https:\/\/shop.kustom.ch\/en\/wp-json\/wp\/v2\/product\/96021"}],"collection":[{"href":"https:\/\/shop.kustom.ch\/en\/wp-json\/wp\/v2\/product"}],"about":[{"href":"https:\/\/shop.kustom.ch\/en\/wp-json\/wp\/v2\/types\/product"}],"wp:featuredmedia":[{"embeddable":true,"href":"https:\/\/shop.kustom.ch\/en\/wp-json\/wp\/v2\/media\/248710"}],"wp:attachment":[{"href":"https:\/\/shop.kustom.ch\/en\/wp-json\/wp\/v2\/media?parent=96021"}],"wp:term":[{"taxonomy":"product_brand","embeddable":true,"href":"https:\/\/shop.kustom.ch\/en\/wp-json\/wp\/v2\/product_brand?post=96021"},{"taxonomy":"product_cat","embeddable":true,"href":"https:\/\/shop.kustom.ch\/en\/wp-json\/wp\/v2\/product_cat?post=96021"},{"taxonomy":"product_tag","embeddable":true,"href":"https:\/\/shop.kustom.ch\/en\/wp-json\/wp\/v2\/product_tag?post=96021"}],"curies":[{"name":"wp","href":"https:\/\/api.w.org\/{rel}","templated":true}]}}