{"id":95168,"date":"2024-03-20T16:51:08","date_gmt":"2024-03-20T15:51:08","guid":{"rendered":"https:\/\/kustomshop.kinsta.cloud\/produkt\/rush-ls-tee-m\/"},"modified":"2026-03-27T15:41:32","modified_gmt":"2026-03-27T14:41:32","slug":"rush-ls-tee-m","status":"publish","type":"product","link":"https:\/\/shop.kustom.ch\/en\/product\/rush-ls-tee-m\/","title":{"rendered":"Rush LS Tee M"},"content":{"rendered":"<p>Long-sleeved shirt made from lightweight and functional material. Efficient moisture wicking. Mesh inserts in the armpit area provide additional ventilation. Perfect for branding with club, sponsor or company logos.<\/p>\n<p>Material: 100% polyester<\/p>","protected":false},"excerpt":{"rendered":"<p>Langarmshirt aus leichtem und funktionellem Material. Effizienter Feuchtigkeitsabtransport. Netz-Eins\u00e4tze im Achselbereich sorgen f\u00fcr zus\u00e4tzliche Bel\u00fcftung. Perfekt f\u00fcr das Branding mit Club-, Sponsor- oder Firmenlogos. Material: 100% Polyester<\/p>","protected":false},"featured_media":248585,"template":"","meta":[],"product_brand":[],"product_cat":[4191],"product_tag":[],"class_list":{"0":"post-95168","1":"product","2":"type-product","3":"status-publish","4":"has-post-thumbnail","6":"product_cat-longsleeves-sweatshirts","7":"pa_brand-craft-teamwear","8":"pa_brand-type-sportswear","9":"pa_filter-color-blau","10":"pa_filter-color-gruen","11":"pa_filter-color-rot","12":"pa_filter-color-schwarz","13":"pa_filter-color-weiss","15":"first","16":"instock","17":"sale","18":"taxable","19":"shipping-taxable","20":"purchasable","21":"product-type-variable","22":"add-to-wishlist-before_image"},"exclude_global_add_ons":[],"addons":[],"acf":[],"_links":{"self":[{"href":"https:\/\/shop.kustom.ch\/en\/wp-json\/wp\/v2\/product\/95168"}],"collection":[{"href":"https:\/\/shop.kustom.ch\/en\/wp-json\/wp\/v2\/product"}],"about":[{"href":"https:\/\/shop.kustom.ch\/en\/wp-json\/wp\/v2\/types\/product"}],"wp:featuredmedia":[{"embeddable":true,"href":"https:\/\/shop.kustom.ch\/en\/wp-json\/wp\/v2\/media\/248585"}],"wp:attachment":[{"href":"https:\/\/shop.kustom.ch\/en\/wp-json\/wp\/v2\/media?parent=95168"}],"wp:term":[{"taxonomy":"product_brand","embeddable":true,"href":"https:\/\/shop.kustom.ch\/en\/wp-json\/wp\/v2\/product_brand?post=95168"},{"taxonomy":"product_cat","embeddable":true,"href":"https:\/\/shop.kustom.ch\/en\/wp-json\/wp\/v2\/product_cat?post=95168"},{"taxonomy":"product_tag","embeddable":true,"href":"https:\/\/shop.kustom.ch\/en\/wp-json\/wp\/v2\/product_tag?post=95168"}],"curies":[{"name":"wp","href":"https:\/\/api.w.org\/{rel}","templated":true}]}}