{"id":94890,"date":"2024-03-20T16:49:54","date_gmt":"2024-03-20T15:49:54","guid":{"rendered":"https:\/\/kustomshop.kinsta.cloud\/produkt\/core-essence-shorts-m\/"},"modified":"2026-03-27T14:31:27","modified_gmt":"2026-03-27T13:31:27","slug":"core-essence-shorts-m","status":"publish","type":"product","link":"https:\/\/shop.kustom.ch\/en\/product\/core-essence-shorts-m\/","title":{"rendered":"CORE Essence Shorts M"},"content":{"rendered":"<p>Stretchy, soft shorts with excellent body control properties, elasticated waistband and flat seams.<\/p>\n<p>- Soft, elasticated, hard-wearing material<br \/>\n- Lycra-Sport-Energy\u00ae compression material with elasticity in four directions to reduce muscle vibration and concentrate power for increased comfort and excellent control<br \/>\n- Soft, pre-shaped waistband at the front for added comfort<br \/>\n- Wide, soft and elasticated 2-layer material at the leg ends and silicone coating for an excellent fit<br \/>\n- Protection factor UV 50+<br \/>\n- Recycled polyamide<br \/>\n- Reflective logo<br \/>\n- Ladies' seat cushion Infinity C3<br \/>\n- Inside leg length 22 cm<\/p>\n<p>Material: 78% recycled polyamide, 22% elastane<\/p>","protected":false},"excerpt":{"rendered":"<p>Elastische, weiche Shorts mit hervorragenden Body-Control-Eigenschaften, dehnbarem H\u00fcftbund, Flachn\u00e4hten. \u2022 Weiches, elastisches, strapazierf\u00e4higes Material \u2022 Lycra-Sport-Energy\u00ae-Kompressionsmaterial mit Elastizit\u00e4t in vier Richtungen zur Reduzierung der Muskelvibration und Konzentration der Kraft f\u00fcr erh\u00f6hten Komfort und hervorragende Kontrolle \u2022 Weicher, vorgeformter H\u00fcftbund vorne f\u00fcr zus\u00e4tzlichen Komfort \u2022 Weites, weiches und elastisches 2-Lagen-Material an den Beinenden und Silikonbeschichtung f\u00fcr [&hellip;]<\/p>\n","protected":false},"featured_media":248548,"template":"","meta":[],"product_brand":[],"product_cat":[4198],"product_tag":[],"class_list":{"0":"post-94890","1":"product","2":"type-product","3":"status-publish","4":"has-post-thumbnail","6":"product_cat-shorts","7":"pa_brand-craft-retail-sportswear","8":"pa_brand-type-sportswear","9":"pa_filter-color-grau","10":"pa_filter-color-schwarz","12":"first","13":"instock","14":"sale","15":"taxable","16":"shipping-taxable","17":"purchasable","18":"product-type-variable","19":"add-to-wishlist-before_image"},"exclude_global_add_ons":[],"addons":[],"acf":[],"_links":{"self":[{"href":"https:\/\/shop.kustom.ch\/en\/wp-json\/wp\/v2\/product\/94890"}],"collection":[{"href":"https:\/\/shop.kustom.ch\/en\/wp-json\/wp\/v2\/product"}],"about":[{"href":"https:\/\/shop.kustom.ch\/en\/wp-json\/wp\/v2\/types\/product"}],"wp:featuredmedia":[{"embeddable":true,"href":"https:\/\/shop.kustom.ch\/en\/wp-json\/wp\/v2\/media\/248548"}],"wp:attachment":[{"href":"https:\/\/shop.kustom.ch\/en\/wp-json\/wp\/v2\/media?parent=94890"}],"wp:term":[{"taxonomy":"product_brand","embeddable":true,"href":"https:\/\/shop.kustom.ch\/en\/wp-json\/wp\/v2\/product_brand?post=94890"},{"taxonomy":"product_cat","embeddable":true,"href":"https:\/\/shop.kustom.ch\/en\/wp-json\/wp\/v2\/product_cat?post=94890"},{"taxonomy":"product_tag","embeddable":true,"href":"https:\/\/shop.kustom.ch\/en\/wp-json\/wp\/v2\/product_tag?post=94890"}],"curies":[{"name":"wp","href":"https:\/\/api.w.org\/{rel}","templated":true}]}}