{"id":94804,"date":"2024-03-20T16:49:30","date_gmt":"2024-03-20T15:49:30","guid":{"rendered":"https:\/\/kustomshop.kinsta.cloud\/produkt\/essence-hot-pants-w\/"},"modified":"2026-03-27T13:58:57","modified_gmt":"2026-03-27T12:58:57","slug":"essence-hot-pants-w","status":"publish","type":"product","link":"https:\/\/shop.kustom.ch\/en\/product\/essence-hot-pants-w\/","title":{"rendered":"Essence Hot Pants W"},"content":{"rendered":"<p>Stretch hot pants with excellent body control properties, stretchy waistband and flat seams.<\/p>\n<p>- Soft, elasticated, hard-wearing material<br \/>\n- Lycra-Sport-Energy\u00ae compression material with elasticity in four directions to reduce muscle vibration and concentrate power for increased comfort and excellent control<br \/>\n- Soft, pre-shaped waistband at the front for added comfort<br \/>\n- Wide, soft and elasticated 2-layer material at the leg ends and silicone coating for an excellent fit<br \/>\n- Protection factor UV 50+<br \/>\n- Recycled polyamide<br \/>\n- Reflective logo<br \/>\n- Ladies' seat cushion Infinity C3<br \/>\n- Inside leg length 11 cm<\/p>\n<p>Material: 78% Polyamide - Recycled, 22% Elastane<\/p>","protected":false},"excerpt":{"rendered":"<p>Stretch-Hotpants mit hervorragenden Body-Control-Eigenschaften, dehnbarem H\u00fcftbund, Flachn\u00e4hten. &#8211; Weiches, elastisches, strapazierf\u00e4higes Material &#8211; Lycra-Sport-Energy\u00ae-Kompressionsmaterial mit Elastizit\u00e4t in vier Richtungen zur Reduzierung der Muskelvibration und Konzentration der Kraft f\u00fcr erh\u00f6hten Komfort und hervorragende Kontrolle &#8211; Weicher, vorgeformter H\u00fcftbund vorne f\u00fcr zus\u00e4tzlichen Komfort &#8211; Weites, weiches und elastisches 2-Lagen-Material an den Beinenden und Silikonbeschichtung f\u00fcr hervorragenden Sitz [&hellip;]<\/p>\n","protected":false},"featured_media":248538,"template":"","meta":[],"product_brand":[],"product_cat":[4206],"product_tag":[],"class_list":{"0":"post-94804","1":"product","2":"type-product","3":"status-publish","4":"has-post-thumbnail","6":"product_cat-underwear","7":"pa_brand-craft-retail-sportswear","8":"pa_brand-type-sportswear","9":"pa_filter-color-schwarz","11":"first","12":"instock","13":"sale","14":"taxable","15":"shipping-taxable","16":"purchasable","17":"product-type-variable","18":"add-to-wishlist-before_image"},"exclude_global_add_ons":[],"addons":[],"acf":[],"_links":{"self":[{"href":"https:\/\/shop.kustom.ch\/en\/wp-json\/wp\/v2\/product\/94804"}],"collection":[{"href":"https:\/\/shop.kustom.ch\/en\/wp-json\/wp\/v2\/product"}],"about":[{"href":"https:\/\/shop.kustom.ch\/en\/wp-json\/wp\/v2\/types\/product"}],"wp:featuredmedia":[{"embeddable":true,"href":"https:\/\/shop.kustom.ch\/en\/wp-json\/wp\/v2\/media\/248538"}],"wp:attachment":[{"href":"https:\/\/shop.kustom.ch\/en\/wp-json\/wp\/v2\/media?parent=94804"}],"wp:term":[{"taxonomy":"product_brand","embeddable":true,"href":"https:\/\/shop.kustom.ch\/en\/wp-json\/wp\/v2\/product_brand?post=94804"},{"taxonomy":"product_cat","embeddable":true,"href":"https:\/\/shop.kustom.ch\/en\/wp-json\/wp\/v2\/product_cat?post=94804"},{"taxonomy":"product_tag","embeddable":true,"href":"https:\/\/shop.kustom.ch\/en\/wp-json\/wp\/v2\/product_tag?post=94804"}],"curies":[{"name":"wp","href":"https:\/\/api.w.org\/{rel}","templated":true}]}}