{"id":94773,"date":"2024-03-20T16:49:20","date_gmt":"2024-03-20T15:49:20","guid":{"rendered":"https:\/\/kustomshop.kinsta.cloud\/produkt\/core-essence-bib-shorts-w\/"},"modified":"2026-03-27T15:14:39","modified_gmt":"2026-03-27T14:14:39","slug":"core-essence-bib-shorts-w","status":"publish","type":"product","link":"https:\/\/shop.kustom.ch\/en\/product\/core-essence-bib-shorts-w\/","title":{"rendered":"CORE Essence Bib Shorts W"},"content":{"rendered":"<p>Stretchy shorts with excellent body control properties made from recycled polyamide.<\/p>\n<p>- Elasticated, soft, hard-wearing material<br \/>\n- Lycra-Sport-Energy\u00ae compression material with elasticity in four directions to reduce muscle vibration and concentrate power for increased comfort and excellent control<br \/>\n- Ergonomic mesh carrier system<br \/>\n- Wide, soft and elasticated leg ends with silicone coating for optimum grip and hold<br \/>\n- Protection factor UV 50+<br \/>\n- Recycled polyamide<br \/>\n- Reflective logo prints<br \/>\n- Men's seat cushion Infinity C3<\/p>\n<p>Material: Lower body: 78% recycled polyamide, 22% elastane, straps: 80% polyamide, 20% elastane<\/p>","protected":false},"excerpt":{"rendered":"<p>Stretch-Tr\u00e4ger-Shorts mit hervorragenden Body-Control-Eigenschaften aus Recycling-Polyamid. \u2022 Elastisches, weiches, strapazierf\u00e4higes Material \u2022 Lycra-Sport-Energy\u00ae-Kompressionsmaterial mit Elastizit\u00e4t in vier Richtungen zur Reduzierung der Muskelvibration und Konzentration der Kraft f\u00fcr erh\u00f6hten Komfort und hervorragende Kontrolle \u2022 Ergonomisches Mesh-Tr\u00e4gersystem \u2022 Weites, weiches und elastisches Beinende mit Silikonbeschichtung f\u00fcr optimalen Grip und Halt \u2022 Schutzfaktor UV\u00a050+ \u2022 Recycling-Polyamid \u2022 Reflektierende [&hellip;]<\/p>\n","protected":false},"featured_media":248534,"template":"","meta":[],"product_brand":[],"product_cat":[4198],"product_tag":[],"class_list":{"0":"post-94773","1":"product","2":"type-product","3":"status-publish","4":"has-post-thumbnail","6":"product_cat-shorts","7":"pa_brand-craft-retail-sportswear","8":"pa_brand-type-sportswear","9":"pa_filter-color-grau","10":"pa_filter-color-schwarz","12":"first","13":"outofstock","14":"sale","15":"taxable","16":"shipping-taxable","17":"purchasable","18":"product-type-variable","19":"add-to-wishlist-before_image"},"exclude_global_add_ons":[],"addons":[],"acf":[],"_links":{"self":[{"href":"https:\/\/shop.kustom.ch\/en\/wp-json\/wp\/v2\/product\/94773"}],"collection":[{"href":"https:\/\/shop.kustom.ch\/en\/wp-json\/wp\/v2\/product"}],"about":[{"href":"https:\/\/shop.kustom.ch\/en\/wp-json\/wp\/v2\/types\/product"}],"wp:featuredmedia":[{"embeddable":true,"href":"https:\/\/shop.kustom.ch\/en\/wp-json\/wp\/v2\/media\/248534"}],"wp:attachment":[{"href":"https:\/\/shop.kustom.ch\/en\/wp-json\/wp\/v2\/media?parent=94773"}],"wp:term":[{"taxonomy":"product_brand","embeddable":true,"href":"https:\/\/shop.kustom.ch\/en\/wp-json\/wp\/v2\/product_brand?post=94773"},{"taxonomy":"product_cat","embeddable":true,"href":"https:\/\/shop.kustom.ch\/en\/wp-json\/wp\/v2\/product_cat?post=94773"},{"taxonomy":"product_tag","embeddable":true,"href":"https:\/\/shop.kustom.ch\/en\/wp-json\/wp\/v2\/product_tag?post=94773"}],"curies":[{"name":"wp","href":"https:\/\/api.w.org\/{rel}","templated":true}]}}