{"id":94531,"date":"2024-03-20T16:48:20","date_gmt":"2024-03-20T15:48:20","guid":{"rendered":"https:\/\/kustomshop.kinsta.cloud\/produkt\/pro-control-mesh-shorts-m\/"},"modified":"2026-03-27T14:24:31","modified_gmt":"2026-03-27T13:24:31","slug":"pro-control-mesh-shorts-m","status":"publish","type":"product","link":"https:\/\/shop.kustom.ch\/en\/product\/pro-control-mesh-shorts-m\/","title":{"rendered":"Pro Control Mesh Shorts M"},"content":{"rendered":"<p>Lightweight match shorts made from thin, stretchy and highly functional material that ensures great freedom of movement and efficient body temperature management. Mesh inserts in a contrasting colour provide additional ventilation, while the drawstring at the waist ensures a perfect fit.<\/p>\n<p>Material: Fabric 1: 100% Polyester Fabric 2: 100% Polyester Fabric 3: 100% Polyester<\/p>","protected":false},"excerpt":{"rendered":"<p>Leichte Match-Shorts aus d\u00fcnnem, dehnbarem und hochfunktionellem Material, das grosse Bewegungsfreiheit und effizientes K\u00f6rpertemperaturmanagement gew\u00e4hrleistet. Mesh-Eins\u00e4tze in Kontrastfarbe sorgen f\u00fcr zus\u00e4tzliche Bel\u00fcftung, w\u00e4hrend die Kordel an der Taille f\u00fcr eine perfekte Passform sorgt. Material: Fabric 1: 100% Polyester Fabric 2: 100% Polyester Fabric 3: 100% Polyester<\/p>","protected":false},"featured_media":248500,"template":"","meta":[],"product_brand":[],"product_cat":[4198],"product_tag":[],"class_list":{"0":"post-94531","1":"product","2":"type-product","3":"status-publish","4":"has-post-thumbnail","6":"product_cat-shorts","7":"pa_brand-craft-teamwear","8":"pa_brand-type-sportswear","9":"pa_filter-color-blau","10":"pa_filter-color-gelb","11":"pa_filter-color-gruen","12":"pa_filter-color-rot","13":"pa_filter-color-schwarz","14":"pa_filter-color-weiss","16":"first","17":"instock","18":"sale","19":"taxable","20":"shipping-taxable","21":"purchasable","22":"product-type-variable","23":"add-to-wishlist-before_image"},"exclude_global_add_ons":[],"addons":[],"acf":[],"_links":{"self":[{"href":"https:\/\/shop.kustom.ch\/en\/wp-json\/wp\/v2\/product\/94531"}],"collection":[{"href":"https:\/\/shop.kustom.ch\/en\/wp-json\/wp\/v2\/product"}],"about":[{"href":"https:\/\/shop.kustom.ch\/en\/wp-json\/wp\/v2\/types\/product"}],"wp:featuredmedia":[{"embeddable":true,"href":"https:\/\/shop.kustom.ch\/en\/wp-json\/wp\/v2\/media\/248500"}],"wp:attachment":[{"href":"https:\/\/shop.kustom.ch\/en\/wp-json\/wp\/v2\/media?parent=94531"}],"wp:term":[{"taxonomy":"product_brand","embeddable":true,"href":"https:\/\/shop.kustom.ch\/en\/wp-json\/wp\/v2\/product_brand?post=94531"},{"taxonomy":"product_cat","embeddable":true,"href":"https:\/\/shop.kustom.ch\/en\/wp-json\/wp\/v2\/product_cat?post=94531"},{"taxonomy":"product_tag","embeddable":true,"href":"https:\/\/shop.kustom.ch\/en\/wp-json\/wp\/v2\/product_tag?post=94531"}],"curies":[{"name":"wp","href":"https:\/\/api.w.org\/{rel}","templated":true}]}}