{"id":94447,"date":"2024-03-20T16:47:54","date_gmt":"2024-03-20T15:47:54","guid":{"rendered":"https:\/\/kustomshop.kinsta.cloud\/produkt\/squad-hotpants-w\/"},"modified":"2026-03-27T14:48:57","modified_gmt":"2026-03-27T13:48:57","slug":"squad-hotpants-w","status":"publish","type":"product","link":"https:\/\/shop.kustom.ch\/en\/product\/squad-hotpants-w\/","title":{"rendered":"Squad Hotpants W"},"content":{"rendered":"<p>Simple hot pants made from soft, functional material for optimum comfort. Ergonomic fit and high stretch for excellent freedom of movement.<\/p>\n<p>Material: Fabric 1: 92% Polyester 8% Elastane<\/p>","protected":false},"excerpt":{"rendered":"<p>Schlichte Hotpants aus weichem, funktionellem Material f\u00fcr optimalen Komfort. Ergonomische Passform und hohe Stretchf\u00e4higkeit f\u00fcr eine hervorragende Bewegungsfreiheit. Material: Fabric 1: 92% Polyester 8% Elastane<\/p>","protected":false},"featured_media":248484,"template":"","meta":[],"product_brand":[],"product_cat":[4198],"product_tag":[],"class_list":{"0":"post-94447","1":"product","2":"type-product","3":"status-publish","4":"has-post-thumbnail","6":"product_cat-shorts","7":"pa_brand-craft-teamwear","8":"pa_brand-type-sportswear","9":"pa_filter-color-blau","10":"pa_filter-color-gruen","11":"pa_filter-color-rot","12":"pa_filter-color-schwarz","14":"first","15":"instock","16":"sale","17":"taxable","18":"shipping-taxable","19":"purchasable","20":"product-type-variable","21":"add-to-wishlist-before_image"},"exclude_global_add_ons":[],"addons":[],"acf":[],"_links":{"self":[{"href":"https:\/\/shop.kustom.ch\/en\/wp-json\/wp\/v2\/product\/94447"}],"collection":[{"href":"https:\/\/shop.kustom.ch\/en\/wp-json\/wp\/v2\/product"}],"about":[{"href":"https:\/\/shop.kustom.ch\/en\/wp-json\/wp\/v2\/types\/product"}],"wp:featuredmedia":[{"embeddable":true,"href":"https:\/\/shop.kustom.ch\/en\/wp-json\/wp\/v2\/media\/248484"}],"wp:attachment":[{"href":"https:\/\/shop.kustom.ch\/en\/wp-json\/wp\/v2\/media?parent=94447"}],"wp:term":[{"taxonomy":"product_brand","embeddable":true,"href":"https:\/\/shop.kustom.ch\/en\/wp-json\/wp\/v2\/product_brand?post=94447"},{"taxonomy":"product_cat","embeddable":true,"href":"https:\/\/shop.kustom.ch\/en\/wp-json\/wp\/v2\/product_cat?post=94447"},{"taxonomy":"product_tag","embeddable":true,"href":"https:\/\/shop.kustom.ch\/en\/wp-json\/wp\/v2\/product_tag?post=94447"}],"curies":[{"name":"wp","href":"https:\/\/api.w.org\/{rel}","templated":true}]}}