{"id":94244,"date":"2024-03-20T16:47:07","date_gmt":"2024-03-20T15:47:07","guid":{"rendered":"https:\/\/kustomshop.kinsta.cloud\/produkt\/progress-r-neck-sweater-m\/"},"modified":"2026-03-27T15:46:02","modified_gmt":"2026-03-27T14:46:02","slug":"progress-r-neck-sweater-m","status":"publish","type":"product","link":"https:\/\/shop.kustom.ch\/en\/product\/progress-r-neck-sweater-m\/","title":{"rendered":"Progress R-Neck Sweater M"},"content":{"rendered":"<p>Pleasantly soft and comfortable jumper made from functional material with optimum moisture wicking properties.<br \/>\nErgonomic fit and high elasticity for excellent freedom of movement. Perfect for warm-up and<br \/>\nTraining sessions.<\/p>\n<p>Material: Fabric 1: 100% Polyester Fabric 2: 96% Polyester 4% Elastane<\/p>","protected":false},"excerpt":{"rendered":"<p>Angenehm weicher und bequemer Sweater aus funktionellem Material mit optimalem Feuchtigkeitsabtransport. Ergonomische Passform und hohe Elastizit\u00e4t f\u00fcr hervorragende Bewegungsfreiheit. Perfekt f\u00fcr Aufw\u00e4rm- und Trainingseinheiten. Material: Fabric 1: 100% Polyester Fabric 2: 96% Polyester 4% Elastane<\/p>","protected":false},"featured_media":248455,"template":"","meta":[],"product_brand":[],"product_cat":[4191],"product_tag":[],"class_list":{"0":"post-94244","1":"product","2":"type-product","3":"status-publish","4":"has-post-thumbnail","6":"product_cat-longsleeves-sweatshirts","7":"pa_brand-craft-teamwear","8":"pa_brand-type-sportswear","9":"pa_filter-color-blau","10":"pa_filter-color-gelb","11":"pa_filter-color-gruen","12":"pa_filter-color-rot","13":"pa_filter-color-schwarz","14":"pa_filter-color-weiss","16":"first","17":"instock","18":"sale","19":"taxable","20":"shipping-taxable","21":"purchasable","22":"product-type-variable","23":"add-to-wishlist-before_image"},"exclude_global_add_ons":[],"addons":[],"acf":[],"_links":{"self":[{"href":"https:\/\/shop.kustom.ch\/en\/wp-json\/wp\/v2\/product\/94244"}],"collection":[{"href":"https:\/\/shop.kustom.ch\/en\/wp-json\/wp\/v2\/product"}],"about":[{"href":"https:\/\/shop.kustom.ch\/en\/wp-json\/wp\/v2\/types\/product"}],"wp:featuredmedia":[{"embeddable":true,"href":"https:\/\/shop.kustom.ch\/en\/wp-json\/wp\/v2\/media\/248455"}],"wp:attachment":[{"href":"https:\/\/shop.kustom.ch\/en\/wp-json\/wp\/v2\/media?parent=94244"}],"wp:term":[{"taxonomy":"product_brand","embeddable":true,"href":"https:\/\/shop.kustom.ch\/en\/wp-json\/wp\/v2\/product_brand?post=94244"},{"taxonomy":"product_cat","embeddable":true,"href":"https:\/\/shop.kustom.ch\/en\/wp-json\/wp\/v2\/product_cat?post=94244"},{"taxonomy":"product_tag","embeddable":true,"href":"https:\/\/shop.kustom.ch\/en\/wp-json\/wp\/v2\/product_tag?post=94244"}],"curies":[{"name":"wp","href":"https:\/\/api.w.org\/{rel}","templated":true}]}}