{"id":93962,"date":"2024-03-20T16:45:53","date_gmt":"2024-03-20T15:45:53","guid":{"rendered":"https:\/\/kustomshop.kinsta.cloud\/produkt\/squad-jersey-solid-ls-jr\/"},"modified":"2026-03-27T15:23:03","modified_gmt":"2026-03-27T14:23:03","slug":"squad-jersey-solid-ls-jr","status":"publish","type":"product","link":"https:\/\/shop.kustom.ch\/en\/product\/squad-jersey-solid-ls-jr\/","title":{"rendered":"Squad Jersey Solid LS Jr"},"content":{"rendered":"<p>Long-sleeved jersey made from stretchy and functional material that offers efficient moisture transport and excellent body temperature management for optimum performance. High elasticity and ergonomic design ensure a comfortable fit and great freedom of movement.<\/p>\n<p>Material: Fabric 1: 100% polyester Fabric 2: 100% polyester<\/p>","protected":false},"excerpt":{"rendered":"<p>Langarmtrikot aus elastischem und funktionellem Material, das einen effizienten Feuchtigkeitstransport und ein hervorragendes K\u00f6rpertemperaturmanagement f\u00fcr optimale Leistung bietet. Hohe Elastizit\u00e4t und ergonomisches Design sorgen f\u00fcr eine komfortable Passform und grosse Bewegungsfreiheit. Material: Fabric 1: 100% Polyester Fabric 2: 100% Polyester<\/p>","protected":false},"featured_media":248404,"template":"","meta":[],"product_brand":[],"product_cat":[4191],"product_tag":[],"class_list":{"0":"post-93962","1":"product","2":"type-product","3":"status-publish","4":"has-post-thumbnail","6":"product_cat-longsleeves-sweatshirts","7":"pa_brand-craft-teamwear","8":"pa_brand-type-sportswear","9":"pa_filter-color-blau","10":"pa_filter-color-gelb","11":"pa_filter-color-gruen","12":"pa_filter-color-orange","13":"pa_filter-color-pink","14":"pa_filter-color-rot","15":"pa_filter-color-schwarz","16":"pa_filter-color-weiss","18":"first","19":"instock","20":"sale","21":"taxable","22":"shipping-taxable","23":"purchasable","24":"product-type-variable","25":"add-to-wishlist-before_image"},"exclude_global_add_ons":[],"addons":[],"acf":[],"_links":{"self":[{"href":"https:\/\/shop.kustom.ch\/en\/wp-json\/wp\/v2\/product\/93962"}],"collection":[{"href":"https:\/\/shop.kustom.ch\/en\/wp-json\/wp\/v2\/product"}],"about":[{"href":"https:\/\/shop.kustom.ch\/en\/wp-json\/wp\/v2\/types\/product"}],"wp:featuredmedia":[{"embeddable":true,"href":"https:\/\/shop.kustom.ch\/en\/wp-json\/wp\/v2\/media\/248404"}],"wp:attachment":[{"href":"https:\/\/shop.kustom.ch\/en\/wp-json\/wp\/v2\/media?parent=93962"}],"wp:term":[{"taxonomy":"product_brand","embeddable":true,"href":"https:\/\/shop.kustom.ch\/en\/wp-json\/wp\/v2\/product_brand?post=93962"},{"taxonomy":"product_cat","embeddable":true,"href":"https:\/\/shop.kustom.ch\/en\/wp-json\/wp\/v2\/product_cat?post=93962"},{"taxonomy":"product_tag","embeddable":true,"href":"https:\/\/shop.kustom.ch\/en\/wp-json\/wp\/v2\/product_tag?post=93962"}],"curies":[{"name":"wp","href":"https:\/\/api.w.org\/{rel}","templated":true}]}}