{"id":93615,"date":"2024-03-20T16:44:36","date_gmt":"2024-03-20T15:44:36","guid":{"rendered":"https:\/\/kustomshop.kinsta.cloud\/produkt\/pro-control-compression-tights\/"},"modified":"2026-03-27T15:43:58","modified_gmt":"2026-03-27T14:43:58","slug":"pro-control-compression-tights","status":"publish","type":"product","link":"https:\/\/shop.kustom.ch\/en\/product\/pro-control-compression-tights\/","title":{"rendered":"Pro Control Compression Tights"},"content":{"rendered":"<p>When you feel good, your performance improves. These functional compression shorts are made from an advanced body control fabric that concentrates muscle power and contributes to optimal performance. The result is a unique feeling where you experience your body being held together into a powerful whole - ready to work at maximum capacity. Tight, ergonomic fit with moulded waist.<\/p>\n<p>Material: Fabric 1: 72% Polyamide 28% Elastane<\/p>","protected":false},"excerpt":{"rendered":"<p>Wenn du dich gut f\u00fchlst, steigt das deine Performance. Dieses funktionale Kompressions-Hose besteht aus einem fortschrittlichen Body-Control-Gewebe, das die Muskelkraft konzentriert und zur optimalen Leistung beitr\u00e4gt. Das Ergebnis ist ein einzigartiges Gef\u00fchl, bei dem du erlebst, dass dein K\u00f6rper zu einem kraftvollen Ganzen zusammengehalten wird &#8211; das er bereit ist, mit maximaler Kapazit\u00e4t zu arbeiten. [&hellip;]<\/p>\n","protected":false},"featured_media":248351,"template":"","meta":[],"product_brand":[],"product_cat":[4206],"product_tag":[],"class_list":{"0":"post-93615","1":"product","2":"type-product","3":"status-publish","4":"has-post-thumbnail","6":"product_cat-underwear","7":"pa_brand-craft-teamwear","8":"pa_brand-type-sportswear","9":"pa_filter-color-schwarz","11":"first","12":"instock","13":"sale","14":"taxable","15":"shipping-taxable","16":"purchasable","17":"product-type-variable","18":"add-to-wishlist-before_image"},"exclude_global_add_ons":[],"addons":[],"acf":[],"_links":{"self":[{"href":"https:\/\/shop.kustom.ch\/en\/wp-json\/wp\/v2\/product\/93615"}],"collection":[{"href":"https:\/\/shop.kustom.ch\/en\/wp-json\/wp\/v2\/product"}],"about":[{"href":"https:\/\/shop.kustom.ch\/en\/wp-json\/wp\/v2\/types\/product"}],"wp:featuredmedia":[{"embeddable":true,"href":"https:\/\/shop.kustom.ch\/en\/wp-json\/wp\/v2\/media\/248351"}],"wp:attachment":[{"href":"https:\/\/shop.kustom.ch\/en\/wp-json\/wp\/v2\/media?parent=93615"}],"wp:term":[{"taxonomy":"product_brand","embeddable":true,"href":"https:\/\/shop.kustom.ch\/en\/wp-json\/wp\/v2\/product_brand?post=93615"},{"taxonomy":"product_cat","embeddable":true,"href":"https:\/\/shop.kustom.ch\/en\/wp-json\/wp\/v2\/product_cat?post=93615"},{"taxonomy":"product_tag","embeddable":true,"href":"https:\/\/shop.kustom.ch\/en\/wp-json\/wp\/v2\/product_tag?post=93615"}],"curies":[{"name":"wp","href":"https:\/\/api.w.org\/{rel}","templated":true}]}}