{"id":93436,"date":"2024-03-20T16:43:49","date_gmt":"2024-03-20T15:43:49","guid":{"rendered":"https:\/\/kustomshop.kinsta.cloud\/produkt\/pro-control-stripe-w-o-foot-socks-senior\/"},"modified":"2026-03-27T13:42:33","modified_gmt":"2026-03-27T12:42:33","slug":"pro-control-stripe-w-o-foot-socks-senior","status":"publish","type":"product","link":"https:\/\/shop.kustom.ch\/en\/product\/pro-control-stripe-w-o-foot-socks-senior\/","title":{"rendered":"Pro Control Stripe W-O Foot Socks Senior"},"content":{"rendered":"<p>Socks made from functional and durable material. Thin knit at the back for improved breathability. Striped design on the cuffs.<\/p>\n<p>Material: Fabric 1: 98% polyamide, 2% elastane<\/p>","protected":false},"excerpt":{"rendered":"<p>Stutzen aus funktionellem und strapazierf\u00e4higem Material. D\u00fcnner Strick hinten f\u00fcr verbesserte Atmungsaktivit\u00e4t. Streifen-Design an den Manschetten. Material: Fabric 1: 98% Polyamide 2%Elastane<\/p>","protected":false},"featured_media":248316,"template":"","meta":[],"product_brand":[],"product_cat":[4199],"product_tag":[],"class_list":{"0":"post-93436","1":"product","2":"type-product","3":"status-publish","4":"has-post-thumbnail","6":"product_cat-socken","7":"pa_brand-craft-teamwear","8":"pa_brand-type-sportswear","9":"pa_filter-color-blau","10":"pa_filter-color-gelb","11":"pa_filter-color-rot","12":"pa_filter-color-schwarz","13":"pa_filter-color-weiss","15":"first","16":"instock","17":"sale","18":"taxable","19":"shipping-taxable","20":"purchasable","21":"product-type-variable","22":"add-to-wishlist-before_image"},"exclude_global_add_ons":[],"addons":[],"acf":[],"_links":{"self":[{"href":"https:\/\/shop.kustom.ch\/en\/wp-json\/wp\/v2\/product\/93436"}],"collection":[{"href":"https:\/\/shop.kustom.ch\/en\/wp-json\/wp\/v2\/product"}],"about":[{"href":"https:\/\/shop.kustom.ch\/en\/wp-json\/wp\/v2\/types\/product"}],"wp:featuredmedia":[{"embeddable":true,"href":"https:\/\/shop.kustom.ch\/en\/wp-json\/wp\/v2\/media\/248316"}],"wp:attachment":[{"href":"https:\/\/shop.kustom.ch\/en\/wp-json\/wp\/v2\/media?parent=93436"}],"wp:term":[{"taxonomy":"product_brand","embeddable":true,"href":"https:\/\/shop.kustom.ch\/en\/wp-json\/wp\/v2\/product_brand?post=93436"},{"taxonomy":"product_cat","embeddable":true,"href":"https:\/\/shop.kustom.ch\/en\/wp-json\/wp\/v2\/product_cat?post=93436"},{"taxonomy":"product_tag","embeddable":true,"href":"https:\/\/shop.kustom.ch\/en\/wp-json\/wp\/v2\/product_tag?post=93436"}],"curies":[{"name":"wp","href":"https:\/\/api.w.org\/{rel}","templated":true}]}}