{"id":93387,"date":"2024-03-20T16:43:30","date_gmt":"2024-03-20T15:43:30","guid":{"rendered":"https:\/\/kustomshop.kinsta.cloud\/produkt\/pro-control-solid-w-o-foot-socks-jr\/"},"modified":"2026-03-27T13:43:47","modified_gmt":"2026-03-27T12:43:47","slug":"pro-control-solid-w-o-foot-socks-jr","status":"publish","type":"product","link":"https:\/\/shop.kustom.ch\/en\/product\/pro-control-solid-w-o-foot-socks-jr\/","title":{"rendered":"Pro Control Solid W-O Foot Socks Jr"},"content":{"rendered":"<p>Made from functional and hard-wearing material. Thin knit at the back for improved breathability.<\/p>\n<p>Material: Fabric 1: 98% polyamide, 2% elastane<\/p>","protected":false},"excerpt":{"rendered":"<p>Aus funktionellem und strapazierf\u00e4higem Material. D\u00fcnner Strick hinten f\u00fcr verbesserte Atmungsaktivit\u00e4t. Material: Fabric 1: 98% Polyamide 2%Elastane<\/p>","protected":false},"featured_media":248293,"template":"","meta":[],"product_brand":[],"product_cat":[4199],"product_tag":[],"class_list":{"0":"post-93387","1":"product","2":"type-product","3":"status-publish","4":"has-post-thumbnail","6":"product_cat-socken","7":"pa_brand-craft-teamwear","8":"pa_brand-type-sportswear","9":"pa_filter-color-blau","10":"pa_filter-color-gelb","11":"pa_filter-color-gruen","12":"pa_filter-color-rot","13":"pa_filter-color-schwarz","14":"pa_filter-color-weiss","16":"first","17":"outofstock","18":"sale","19":"taxable","20":"shipping-taxable","21":"purchasable","22":"product-type-variable","23":"add-to-wishlist-before_image"},"exclude_global_add_ons":[],"addons":[],"acf":[],"_links":{"self":[{"href":"https:\/\/shop.kustom.ch\/en\/wp-json\/wp\/v2\/product\/93387"}],"collection":[{"href":"https:\/\/shop.kustom.ch\/en\/wp-json\/wp\/v2\/product"}],"about":[{"href":"https:\/\/shop.kustom.ch\/en\/wp-json\/wp\/v2\/types\/product"}],"wp:featuredmedia":[{"embeddable":true,"href":"https:\/\/shop.kustom.ch\/en\/wp-json\/wp\/v2\/media\/248293"}],"wp:attachment":[{"href":"https:\/\/shop.kustom.ch\/en\/wp-json\/wp\/v2\/media?parent=93387"}],"wp:term":[{"taxonomy":"product_brand","embeddable":true,"href":"https:\/\/shop.kustom.ch\/en\/wp-json\/wp\/v2\/product_brand?post=93387"},{"taxonomy":"product_cat","embeddable":true,"href":"https:\/\/shop.kustom.ch\/en\/wp-json\/wp\/v2\/product_cat?post=93387"},{"taxonomy":"product_tag","embeddable":true,"href":"https:\/\/shop.kustom.ch\/en\/wp-json\/wp\/v2\/product_tag?post=93387"}],"curies":[{"name":"wp","href":"https:\/\/api.w.org\/{rel}","templated":true}]}}