{"id":93244,"date":"2024-03-20T16:42:59","date_gmt":"2024-03-20T15:42:59","guid":{"rendered":"https:\/\/kustomshop.kinsta.cloud\/produkt\/pro-control-9-boxer-w\/"},"modified":"2026-03-27T14:39:16","modified_gmt":"2026-03-27T13:39:16","slug":"pro-control-9-boxer-w","status":"publish","type":"product","link":"https:\/\/shop.kustom.ch\/en\/product\/pro-control-9-boxer-w\/","title":{"rendered":"Pro Control 9\u2033 Boxer W"},"content":{"rendered":"<p>Tight and thin 9-inch boxers with mesh insert for outstanding cooling.<\/p>\n<p>Material: 88% Polyester 12% Elastane<\/p>","protected":false},"excerpt":{"rendered":"<p>Enge und d\u00fcnne 9-Inch-Boxer mit Mesh-Einsatz f\u00fcr herausragende K\u00fchlung. Material: 88% Polyester 12% Elastane<\/p>","protected":false},"featured_media":248272,"template":"","meta":[],"product_brand":[],"product_cat":[4206],"product_tag":[],"class_list":{"0":"post-93244","1":"product","2":"type-product","3":"status-publish","4":"has-post-thumbnail","6":"product_cat-underwear","7":"pa_brand-craft-teamwear","8":"pa_brand-type-sportswear","9":"pa_filter-color-blau","10":"pa_filter-color-gelb","11":"pa_filter-color-gruen","12":"pa_filter-color-rot","13":"pa_filter-color-schwarz","14":"pa_filter-color-weiss","16":"first","17":"instock","18":"sale","19":"taxable","20":"shipping-taxable","21":"purchasable","22":"product-type-variable","23":"add-to-wishlist-before_image"},"exclude_global_add_ons":[],"addons":[],"acf":[],"_links":{"self":[{"href":"https:\/\/shop.kustom.ch\/en\/wp-json\/wp\/v2\/product\/93244"}],"collection":[{"href":"https:\/\/shop.kustom.ch\/en\/wp-json\/wp\/v2\/product"}],"about":[{"href":"https:\/\/shop.kustom.ch\/en\/wp-json\/wp\/v2\/types\/product"}],"wp:featuredmedia":[{"embeddable":true,"href":"https:\/\/shop.kustom.ch\/en\/wp-json\/wp\/v2\/media\/248272"}],"wp:attachment":[{"href":"https:\/\/shop.kustom.ch\/en\/wp-json\/wp\/v2\/media?parent=93244"}],"wp:term":[{"taxonomy":"product_brand","embeddable":true,"href":"https:\/\/shop.kustom.ch\/en\/wp-json\/wp\/v2\/product_brand?post=93244"},{"taxonomy":"product_cat","embeddable":true,"href":"https:\/\/shop.kustom.ch\/en\/wp-json\/wp\/v2\/product_cat?post=93244"},{"taxonomy":"product_tag","embeddable":true,"href":"https:\/\/shop.kustom.ch\/en\/wp-json\/wp\/v2\/product_tag?post=93244"}],"curies":[{"name":"wp","href":"https:\/\/api.w.org\/{rel}","templated":true}]}}