{"id":93040,"date":"2024-03-20T16:42:19","date_gmt":"2024-03-20T15:42:19","guid":{"rendered":"https:\/\/kustomshop.kinsta.cloud\/produkt\/pro-control-softshell-jacket-w\/"},"modified":"2026-03-27T15:19:13","modified_gmt":"2026-03-27T14:19:13","slug":"pro-control-softshell-jacket-w","status":"publish","type":"product","link":"https:\/\/shop.kustom.ch\/en\/product\/pro-control-softshell-jacket-w\/","title":{"rendered":"Pro Control Softshell Jacket W"},"content":{"rendered":"<p>Stay warm and durable in this wind and water repellent softshell jacket. Comes with a brushed inside for extra insulation and comfort. A great choice for team events off the pitch.<\/p>\n<p>Material: Fabric 1: 96% Polyester 4% Elastane<\/p>","protected":false},"excerpt":{"rendered":"<p>Bleiben Sie warm und best\u00e4ndig in dieser wind- und wasserabweisenden Softshell-Jacke. Kommt mit geb\u00fcrsteter Innenseite f\u00fcr zus\u00e4tzliche Isolierung und Komfort. Eine gute Wahl f\u00fcr Team-Events abseits des Platzes. Material: Fabric 1: 96% Polyester 4% Elastane<\/p>","protected":false},"featured_media":248238,"template":"","meta":[],"product_brand":[],"product_cat":[4186],"product_tag":[],"class_list":{"0":"post-93040","1":"product","2":"type-product","3":"status-publish","4":"has-post-thumbnail","6":"product_cat-jacken","7":"pa_brand-craft-teamwear","8":"pa_brand-type-sportswear","9":"pa_filter-color-blau","10":"pa_filter-color-gruen","12":"first","13":"instock","14":"sale","15":"taxable","16":"shipping-taxable","17":"purchasable","18":"product-type-variable","19":"add-to-wishlist-before_image"},"exclude_global_add_ons":[],"addons":[],"acf":[],"_links":{"self":[{"href":"https:\/\/shop.kustom.ch\/en\/wp-json\/wp\/v2\/product\/93040"}],"collection":[{"href":"https:\/\/shop.kustom.ch\/en\/wp-json\/wp\/v2\/product"}],"about":[{"href":"https:\/\/shop.kustom.ch\/en\/wp-json\/wp\/v2\/types\/product"}],"wp:featuredmedia":[{"embeddable":true,"href":"https:\/\/shop.kustom.ch\/en\/wp-json\/wp\/v2\/media\/248238"}],"wp:attachment":[{"href":"https:\/\/shop.kustom.ch\/en\/wp-json\/wp\/v2\/media?parent=93040"}],"wp:term":[{"taxonomy":"product_brand","embeddable":true,"href":"https:\/\/shop.kustom.ch\/en\/wp-json\/wp\/v2\/product_brand?post=93040"},{"taxonomy":"product_cat","embeddable":true,"href":"https:\/\/shop.kustom.ch\/en\/wp-json\/wp\/v2\/product_cat?post=93040"},{"taxonomy":"product_tag","embeddable":true,"href":"https:\/\/shop.kustom.ch\/en\/wp-json\/wp\/v2\/product_tag?post=93040"}],"curies":[{"name":"wp","href":"https:\/\/api.w.org\/{rel}","templated":true}]}}