{"id":92802,"date":"2024-03-20T16:41:32","date_gmt":"2024-03-20T15:41:32","guid":{"rendered":"https:\/\/kustomshop.kinsta.cloud\/produkt\/pro-control-hood-jacket-m\/"},"modified":"2026-03-27T14:24:17","modified_gmt":"2026-03-27T13:24:17","slug":"pro-control-hood-jacket-m","status":"publish","type":"product","link":"https:\/\/shop.kustom.ch\/en\/product\/pro-control-hood-jacket-m\/","title":{"rendered":"Pro Control Hood Jacket M"},"content":{"rendered":"<p>Comfortable hooded jacket made from soft and functional polyester. Ideal for the warm-up phase and also an eye-catcher for your team off the pitch. Full-length zip, hood with drawstring and 2 front pockets.<\/p>\n<p>Material: Fabric 1: 100% polyester Fabric 2: 100% polyester<\/p>","protected":false},"excerpt":{"rendered":"<p>Bequeme Kapuzenjacke aus weichem und funktionellem Polyester. Optimal f\u00fcr die Aufw\u00e4rmphase und auch Abseits des Spielfeldes ein Eyecatcher f\u00fcr dein Team. Durchgehender Reissverschluss, Kapuze mit Kordelzug und 2 Taschen vorne. Material: Fabric 1: 100% Polyester Fabric 2: 100% Polyester<\/p>","protected":false},"featured_media":248203,"template":"","meta":[],"product_brand":[],"product_cat":[4184],"product_tag":[],"class_list":{"0":"post-92802","1":"product","2":"type-product","3":"status-publish","4":"has-post-thumbnail","6":"product_cat-hoodies-pullover","7":"pa_brand-craft-teamwear","8":"pa_brand-type-sportswear","9":"pa_filter-color-blau","10":"pa_filter-color-gelb","11":"pa_filter-color-gruen","12":"pa_filter-color-rot","13":"pa_filter-color-schwarz","14":"pa_filter-color-weiss","16":"first","17":"instock","18":"sale","19":"taxable","20":"shipping-taxable","21":"purchasable","22":"product-type-variable","23":"add-to-wishlist-before_image"},"exclude_global_add_ons":[],"addons":[],"acf":[],"_links":{"self":[{"href":"https:\/\/shop.kustom.ch\/en\/wp-json\/wp\/v2\/product\/92802"}],"collection":[{"href":"https:\/\/shop.kustom.ch\/en\/wp-json\/wp\/v2\/product"}],"about":[{"href":"https:\/\/shop.kustom.ch\/en\/wp-json\/wp\/v2\/types\/product"}],"wp:featuredmedia":[{"embeddable":true,"href":"https:\/\/shop.kustom.ch\/en\/wp-json\/wp\/v2\/media\/248203"}],"wp:attachment":[{"href":"https:\/\/shop.kustom.ch\/en\/wp-json\/wp\/v2\/media?parent=92802"}],"wp:term":[{"taxonomy":"product_brand","embeddable":true,"href":"https:\/\/shop.kustom.ch\/en\/wp-json\/wp\/v2\/product_brand?post=92802"},{"taxonomy":"product_cat","embeddable":true,"href":"https:\/\/shop.kustom.ch\/en\/wp-json\/wp\/v2\/product_cat?post=92802"},{"taxonomy":"product_tag","embeddable":true,"href":"https:\/\/shop.kustom.ch\/en\/wp-json\/wp\/v2\/product_tag?post=92802"}],"curies":[{"name":"wp","href":"https:\/\/api.w.org\/{rel}","templated":true}]}}