{"id":92545,"date":"2024-03-20T16:40:21","date_gmt":"2024-03-20T15:40:21","guid":{"rendered":"https:\/\/kustomshop.kinsta.cloud\/produkt\/pro-control-stripe-jersey-w\/"},"modified":"2026-03-27T14:42:55","modified_gmt":"2026-03-27T13:42:55","slug":"pro-control-stripe-jersey-w","status":"publish","type":"product","link":"https:\/\/shop.kustom.ch\/en\/product\/pro-control-stripe-jersey-w\/","title":{"rendered":"Pro Control Stripe Jersey W"},"content":{"rendered":"<p>Intensify your team spirit with this striped and stylish raglan jersey. Soft and highly functional fabric combined with underarm mesh inserts for optimal comfort and performance. Ergonomic design and great stretch for excellent freedom of movement.<\/p>\n<p>Material: Fabric 1: 100% Polyester Fabric 2: 100% Polyester Fabric 3: 100% Polyester Fabric 4: 100% Polyester<\/p>","protected":false},"excerpt":{"rendered":"<p>Intensiviere deinen Teamgeist mit diesem gestreiften und stylischem Raglan-Trikot. Weiches und hochfunktionelles Gewebe kombiniert mit Netzeins\u00e4tzen im Achselbereich f\u00fcr optimalen Komfort und Leistung. Ergonomisches Design und grosse Dehnbarkeit f\u00fcr ausgezeichnete Bewegungsfreiheit. Material: Fabric 1: 100% Polyester Fabric 2: 100% Polyester Fabric 3: 100% Polyester Fabric 4: 100% Polyester<\/p>","protected":false},"featured_media":248165,"template":"","meta":[],"product_brand":[],"product_cat":[4201],"product_tag":[],"class_list":{"0":"post-92545","1":"product","2":"type-product","3":"status-publish","4":"has-post-thumbnail","6":"product_cat-t-shirts","7":"pa_brand-craft-teamwear","8":"pa_brand-type-sportswear","9":"pa_filter-color-blau","10":"pa_filter-color-gelb","11":"pa_filter-color-grau","12":"pa_filter-color-rot","13":"pa_filter-color-schwarz","14":"pa_filter-color-weiss","16":"first","17":"instock","18":"sale","19":"taxable","20":"shipping-taxable","21":"purchasable","22":"product-type-variable","23":"add-to-wishlist-before_image"},"exclude_global_add_ons":[],"addons":[],"acf":[],"_links":{"self":[{"href":"https:\/\/shop.kustom.ch\/en\/wp-json\/wp\/v2\/product\/92545"}],"collection":[{"href":"https:\/\/shop.kustom.ch\/en\/wp-json\/wp\/v2\/product"}],"about":[{"href":"https:\/\/shop.kustom.ch\/en\/wp-json\/wp\/v2\/types\/product"}],"wp:featuredmedia":[{"embeddable":true,"href":"https:\/\/shop.kustom.ch\/en\/wp-json\/wp\/v2\/media\/248165"}],"wp:attachment":[{"href":"https:\/\/shop.kustom.ch\/en\/wp-json\/wp\/v2\/media?parent=92545"}],"wp:term":[{"taxonomy":"product_brand","embeddable":true,"href":"https:\/\/shop.kustom.ch\/en\/wp-json\/wp\/v2\/product_brand?post=92545"},{"taxonomy":"product_cat","embeddable":true,"href":"https:\/\/shop.kustom.ch\/en\/wp-json\/wp\/v2\/product_cat?post=92545"},{"taxonomy":"product_tag","embeddable":true,"href":"https:\/\/shop.kustom.ch\/en\/wp-json\/wp\/v2\/product_tag?post=92545"}],"curies":[{"name":"wp","href":"https:\/\/api.w.org\/{rel}","templated":true}]}}