{"id":92291,"date":"2024-03-20T16:39:08","date_gmt":"2024-03-20T15:39:08","guid":{"rendered":"https:\/\/kustomshop.kinsta.cloud\/produkt\/mountain-padded-jacket-w\/"},"modified":"2026-03-27T14:36:05","modified_gmt":"2026-03-27T13:36:05","slug":"mountain-padded-jacket-w","status":"publish","type":"product","link":"https:\/\/shop.kustom.ch\/en\/product\/mountain-padded-jacket-w\/","title":{"rendered":"Mountain Padded Jacket W"},"content":{"rendered":"<p>Modern, padded jacket with a high collar and detachable hood. Thanks to its clean design, the Mountain Padded Jacket is suitable for use at home, in the city, on the piste and in the backcountry.  The soft, windproof and waterproof material makes it comfortable to wear. The Mountain Padded Jacket also has a snow skirt on the waistband.<br \/>\n- Two breast pockets, one with zip and one with Velcro fastening<br \/>\n-Two overlapping pockets at the front<br \/>\n-Reflective piping on the hood<br \/>\n-Removable hood and snow guard<br \/>\n-Adjustable waistband via elasticated drawstring with stoppers for a perfect fit<br \/>\n-jersey cuffs with thumb hole in the sleeve for greater comfort<br \/>\n-8000 WP\/8000 MVP<\/p>\n<p>Material: 100% polyester<\/p>","protected":false},"excerpt":{"rendered":"<p>Moderne, wattierte Jacke mit hohem Kragen und abnehmbarer Kapuze. Durch das cleane Design passt die Mountain Padded Jacket zu Hause, in die Stadt sowie auf die Piste und ins Backcountry. F\u00fcr angenehmen Tragekomfort sorgt das weiche, wind- und wasserdichte Material. Ausserdem verf\u00fcgt die Mountain Padded Jacket \u00fcber einen Schneefang am Jackenbund. \u2022 Zwei Brusttaschen, eine [&hellip;]<\/p>\n","protected":false},"featured_media":248130,"template":"","meta":[],"product_brand":[],"product_cat":[4186],"product_tag":[],"class_list":{"0":"post-92291","1":"product","2":"type-product","3":"status-publish","4":"has-post-thumbnail","6":"product_cat-jacken","7":"pa_brand-craft-retail-sportswear","8":"pa_brand-type-sportswear","9":"pa_filter-color-blau","10":"pa_filter-color-gruen","11":"pa_filter-color-schwarz","13":"first","14":"instock","15":"sale","16":"taxable","17":"shipping-taxable","18":"purchasable","19":"product-type-variable","20":"add-to-wishlist-before_image"},"exclude_global_add_ons":[],"addons":[],"acf":[],"_links":{"self":[{"href":"https:\/\/shop.kustom.ch\/en\/wp-json\/wp\/v2\/product\/92291"}],"collection":[{"href":"https:\/\/shop.kustom.ch\/en\/wp-json\/wp\/v2\/product"}],"about":[{"href":"https:\/\/shop.kustom.ch\/en\/wp-json\/wp\/v2\/types\/product"}],"wp:featuredmedia":[{"embeddable":true,"href":"https:\/\/shop.kustom.ch\/en\/wp-json\/wp\/v2\/media\/248130"}],"wp:attachment":[{"href":"https:\/\/shop.kustom.ch\/en\/wp-json\/wp\/v2\/media?parent=92291"}],"wp:term":[{"taxonomy":"product_brand","embeddable":true,"href":"https:\/\/shop.kustom.ch\/en\/wp-json\/wp\/v2\/product_brand?post=92291"},{"taxonomy":"product_cat","embeddable":true,"href":"https:\/\/shop.kustom.ch\/en\/wp-json\/wp\/v2\/product_cat?post=92291"},{"taxonomy":"product_tag","embeddable":true,"href":"https:\/\/shop.kustom.ch\/en\/wp-json\/wp\/v2\/product_tag?post=92291"}],"curies":[{"name":"wp","href":"https:\/\/api.w.org\/{rel}","templated":true}]}}