{"id":92191,"date":"2024-03-20T16:38:32","date_gmt":"2024-03-20T15:38:32","guid":{"rendered":"https:\/\/kustomshop.kinsta.cloud\/produkt\/urban-rain-jacket-m\/"},"modified":"2026-03-27T14:58:29","modified_gmt":"2026-03-27T13:58:29","slug":"urban-rain-jacket-m","status":"publish","type":"product","link":"https:\/\/shop.kustom.ch\/en\/product\/urban-rain-jacket-m\/","title":{"rendered":"Urban Rain Jacket M"},"content":{"rendered":"<p>Rain jacket with taped seams, waterproof zips and detachable hood. Inspired by the glamour of wet streets in the lantern light, shiny and matt fabrics have been combined to give the jacket an urban look. The waterproof material and taped seams ensure optimum waterproofness. The jacket also has a multi-adjustable and detachable hood, adjustable cuffs and four pockets. WP 8000 \/ MVP 8000<br \/>\n- Multi-adjustable and detachable hood<br \/>\n-Adjustable waistband<br \/>\n-Welded seams<br \/>\n-Two slash pockets and front pockets<br \/>\n-8000 WP\/8000 MVP<\/p>\n<p>Material: 100% recycled polyester<\/p>","protected":false},"excerpt":{"rendered":"<p>Regenjacke mit getapten N\u00e4hten, wasserdichten Reissverschl\u00fcssen und abnehmbarer Kapuze. Inspiriert vom Glanz nasser Strassen im Laternenschein, wurden gl\u00e4nzende und matte Stoffe kombiniert und verleihen der Jacke einen urbanen Ausdruck. Das wasserdichte Material und die getapten N\u00e4hte sorgen f\u00fcr beste Wasserdichtigkeit. Dar\u00fcber hinaus verf\u00fcgt die Jacke \u00fcber eine mehrfach verstellbare und abnehmbare Kapuze, verstellbaren \u00c4rmelabschl\u00fcssen und [&hellip;]<\/p>\n","protected":false},"featured_media":248119,"template":"","meta":[],"product_brand":[],"product_cat":[4186],"product_tag":[],"class_list":{"0":"post-92191","1":"product","2":"type-product","3":"status-publish","4":"has-post-thumbnail","6":"product_cat-jacken","7":"pa_brand-craft-retail-sportswear","8":"pa_brand-type-sportswear","9":"pa_filter-color-schwarz","11":"first","12":"instock","13":"sale","14":"taxable","15":"shipping-taxable","16":"purchasable","17":"product-type-variable","18":"add-to-wishlist-before_image"},"exclude_global_add_ons":[],"addons":[],"acf":[],"_links":{"self":[{"href":"https:\/\/shop.kustom.ch\/en\/wp-json\/wp\/v2\/product\/92191"}],"collection":[{"href":"https:\/\/shop.kustom.ch\/en\/wp-json\/wp\/v2\/product"}],"about":[{"href":"https:\/\/shop.kustom.ch\/en\/wp-json\/wp\/v2\/types\/product"}],"wp:featuredmedia":[{"embeddable":true,"href":"https:\/\/shop.kustom.ch\/en\/wp-json\/wp\/v2\/media\/248119"}],"wp:attachment":[{"href":"https:\/\/shop.kustom.ch\/en\/wp-json\/wp\/v2\/media?parent=92191"}],"wp:term":[{"taxonomy":"product_brand","embeddable":true,"href":"https:\/\/shop.kustom.ch\/en\/wp-json\/wp\/v2\/product_brand?post=92191"},{"taxonomy":"product_cat","embeddable":true,"href":"https:\/\/shop.kustom.ch\/en\/wp-json\/wp\/v2\/product_cat?post=92191"},{"taxonomy":"product_tag","embeddable":true,"href":"https:\/\/shop.kustom.ch\/en\/wp-json\/wp\/v2\/product_tag?post=92191"}],"curies":[{"name":"wp","href":"https:\/\/api.w.org\/{rel}","templated":true}]}}