{"id":92034,"date":"2024-03-20T16:37:53","date_gmt":"2024-03-20T15:37:53","guid":{"rendered":"https:\/\/kustomshop.kinsta.cloud\/produkt\/progress-baselayer-cn-ls-m\/"},"modified":"2026-03-27T15:48:37","modified_gmt":"2026-03-27T14:48:37","slug":"progress-baselayer-cn-ls-m","status":"publish","type":"product","link":"https:\/\/shop.kustom.ch\/en\/product\/progress-baselayer-cn-ls-m\/","title":{"rendered":"Progress Baselayer CN LS M"},"content":{"rendered":"<p>Our functional underwear supports you as you step up to a higher sporting level. Thanks to the special knitted structure, this long-sleeved shirt cools you down during exercise and warms you up when you are resting. The body is kept dry and in an optimum temperature range. Quick-drying, flat seams that adapt to movement and high elasticity guarantee maximum comfort.<br \/>\n- Tight fit<br \/>\n-Flat seams adapt to body movement<br \/>\n-+BQ4<\/p>\n<p>Material: 100 % polyester<\/p>","protected":false},"excerpt":{"rendered":"<p>Unsere Funktionsunterw\u00e4sche unterst\u00fctzt dich beim Sprung auf ein h\u00f6heres sportliches Level. Durch die spezielle Strickstruktur k\u00fchlt Dich dieses Langarm-Shirt w\u00e4hrend des Sports, und in Ruhephasen w\u00e4rmt es Dich. Der K\u00f6rper wird trocken und in einem optimalen Temperaturbereich gehalten. Schnell trocknend, Flachn\u00e4hte die sich der Bewegung anpassen und eine hohe Elastizit\u00e4t garantieren h\u00f6chsten Tragekomfort. \u2022 Enge [&hellip;]<\/p>\n","protected":false},"featured_media":248096,"template":"","meta":[],"product_brand":[],"product_cat":[4206],"product_tag":[],"class_list":{"0":"post-92034","1":"product","2":"type-product","3":"status-publish","4":"has-post-thumbnail","6":"product_cat-underwear","7":"pa_brand-craft-teamwear","8":"pa_brand-type-sportswear","9":"pa_filter-color-blau","10":"pa_filter-color-gelb","11":"pa_filter-color-gruen","12":"pa_filter-color-rot","13":"pa_filter-color-schwarz","14":"pa_filter-color-weiss","16":"first","17":"instock","18":"sale","19":"taxable","20":"shipping-taxable","21":"purchasable","22":"product-type-variable","23":"add-to-wishlist-before_image"},"exclude_global_add_ons":[],"addons":[],"acf":[],"_links":{"self":[{"href":"https:\/\/shop.kustom.ch\/en\/wp-json\/wp\/v2\/product\/92034"}],"collection":[{"href":"https:\/\/shop.kustom.ch\/en\/wp-json\/wp\/v2\/product"}],"about":[{"href":"https:\/\/shop.kustom.ch\/en\/wp-json\/wp\/v2\/types\/product"}],"wp:featuredmedia":[{"embeddable":true,"href":"https:\/\/shop.kustom.ch\/en\/wp-json\/wp\/v2\/media\/248096"}],"wp:attachment":[{"href":"https:\/\/shop.kustom.ch\/en\/wp-json\/wp\/v2\/media?parent=92034"}],"wp:term":[{"taxonomy":"product_brand","embeddable":true,"href":"https:\/\/shop.kustom.ch\/en\/wp-json\/wp\/v2\/product_brand?post=92034"},{"taxonomy":"product_cat","embeddable":true,"href":"https:\/\/shop.kustom.ch\/en\/wp-json\/wp\/v2\/product_cat?post=92034"},{"taxonomy":"product_tag","embeddable":true,"href":"https:\/\/shop.kustom.ch\/en\/wp-json\/wp\/v2\/product_tag?post=92034"}],"curies":[{"name":"wp","href":"https:\/\/api.w.org\/{rel}","templated":true}]}}