{"id":91894,"date":"2024-03-20T16:37:19","date_gmt":"2024-03-20T15:37:19","guid":{"rendered":"https:\/\/kustomshop.kinsta.cloud\/produkt\/progress-short-contrast-wb-jr\/"},"modified":"2026-03-27T15:47:46","modified_gmt":"2026-03-27T14:47:46","slug":"progress-short-contrast-wb-jr","status":"publish","type":"product","link":"https:\/\/shop.kustom.ch\/en\/product\/progress-short-contrast-wb-jr\/","title":{"rendered":"Progress Short Contrast WB JR"},"content":{"rendered":"<p>Discover the passionate athlete in you! These shorts with integrated inner shorts support you in all challenges. The soft and comfortable material ensures that moisture is wicked away quickly and protects the body from getting wet.<\/p>\n<p>Material: 100 % polyester<\/p>","protected":false},"excerpt":{"rendered":"<p>Entdecke den leidenschaftlichen Sportler in dir! Diese kurze Hose mit integrierter Innenhose unterst\u00fctzt dich bei allen Herausforderungen. Das weiche und angenehme Material sorgt f\u00fcr einen schnellen Feuchtigkeitsabtransport und sch\u00fctzt den K\u00f6rper somit vor einem N\u00e4ssegef\u00fchl. Material: 100 % Polyester<\/p>","protected":false},"featured_media":248071,"template":"","meta":[],"product_brand":[],"product_cat":[4198],"product_tag":[],"class_list":{"0":"post-91894","1":"product","2":"type-product","3":"status-publish","4":"has-post-thumbnail","6":"product_cat-shorts","7":"pa_brand-craft-teamwear","8":"pa_brand-type-sportswear","9":"pa_filter-color-blau","10":"pa_filter-color-gelb","11":"pa_filter-color-gruen","12":"pa_filter-color-rot","13":"pa_filter-color-schwarz","14":"pa_filter-color-weiss","16":"first","17":"instock","18":"sale","19":"taxable","20":"shipping-taxable","21":"purchasable","22":"product-type-variable","23":"add-to-wishlist-before_image"},"exclude_global_add_ons":[],"addons":[],"acf":[],"_links":{"self":[{"href":"https:\/\/shop.kustom.ch\/en\/wp-json\/wp\/v2\/product\/91894"}],"collection":[{"href":"https:\/\/shop.kustom.ch\/en\/wp-json\/wp\/v2\/product"}],"about":[{"href":"https:\/\/shop.kustom.ch\/en\/wp-json\/wp\/v2\/types\/product"}],"wp:featuredmedia":[{"embeddable":true,"href":"https:\/\/shop.kustom.ch\/en\/wp-json\/wp\/v2\/media\/248071"}],"wp:attachment":[{"href":"https:\/\/shop.kustom.ch\/en\/wp-json\/wp\/v2\/media?parent=91894"}],"wp:term":[{"taxonomy":"product_brand","embeddable":true,"href":"https:\/\/shop.kustom.ch\/en\/wp-json\/wp\/v2\/product_brand?post=91894"},{"taxonomy":"product_cat","embeddable":true,"href":"https:\/\/shop.kustom.ch\/en\/wp-json\/wp\/v2\/product_cat?post=91894"},{"taxonomy":"product_tag","embeddable":true,"href":"https:\/\/shop.kustom.ch\/en\/wp-json\/wp\/v2\/product_tag?post=91894"}],"curies":[{"name":"wp","href":"https:\/\/api.w.org\/{rel}","templated":true}]}}