{"id":91692,"date":"2024-03-20T16:36:27","date_gmt":"2024-03-20T15:36:27","guid":{"rendered":"https:\/\/kustomshop.kinsta.cloud\/produkt\/jacket-parkas-jr\/"},"modified":"2026-03-27T15:17:36","modified_gmt":"2026-03-27T14:17:36","slug":"jacket-parkas-jr","status":"publish","type":"product","link":"https:\/\/shop.kustom.ch\/en\/product\/jacket-parkas-jr\/","title":{"rendered":"Jacket Parkas Jr"},"content":{"rendered":"<p>Lined, wind and water-repellent jacket for warm-up periods and formal occasions. With detachable hood, chest pocket with zip and adjustable hem. Microfibre padding with good thermal properties.<\/p>\n<p>WP 3000 \/ MVP 3000<\/p>\n<p>Material: 100 % polyester<\/p>","protected":false},"excerpt":{"rendered":"<p>Gef\u00fctterte, wind- und wasserabweisende Jacke f\u00fcr Aufw\u00e4rmphasen und formelle Anl\u00e4sse. Mit abnehmbarer Kapuze, Brusttasche mit Reissverschluss und verstellbarem Saum. Polsterung aus Mikrofaser mit guten thermischen Eigenschaften. WP 3000 \/ MVP 3000 Material: 100 % Polyester<\/p>","protected":false},"featured_media":248038,"template":"","meta":[],"product_brand":[],"product_cat":[4186],"product_tag":[],"class_list":{"0":"post-91692","1":"product","2":"type-product","3":"status-publish","4":"has-post-thumbnail","6":"product_cat-jacken","7":"pa_brand-craft-teamwear","8":"pa_brand-type-sportswear","9":"pa_filter-color-blau","10":"pa_filter-color-schwarz","12":"first","13":"instock","14":"sale","15":"taxable","16":"shipping-taxable","17":"purchasable","18":"product-type-variable","19":"add-to-wishlist-before_image"},"exclude_global_add_ons":[],"addons":[],"acf":[],"_links":{"self":[{"href":"https:\/\/shop.kustom.ch\/en\/wp-json\/wp\/v2\/product\/91692"}],"collection":[{"href":"https:\/\/shop.kustom.ch\/en\/wp-json\/wp\/v2\/product"}],"about":[{"href":"https:\/\/shop.kustom.ch\/en\/wp-json\/wp\/v2\/types\/product"}],"wp:featuredmedia":[{"embeddable":true,"href":"https:\/\/shop.kustom.ch\/en\/wp-json\/wp\/v2\/media\/248038"}],"wp:attachment":[{"href":"https:\/\/shop.kustom.ch\/en\/wp-json\/wp\/v2\/media?parent=91692"}],"wp:term":[{"taxonomy":"product_brand","embeddable":true,"href":"https:\/\/shop.kustom.ch\/en\/wp-json\/wp\/v2\/product_brand?post=91692"},{"taxonomy":"product_cat","embeddable":true,"href":"https:\/\/shop.kustom.ch\/en\/wp-json\/wp\/v2\/product_cat?post=91692"},{"taxonomy":"product_tag","embeddable":true,"href":"https:\/\/shop.kustom.ch\/en\/wp-json\/wp\/v2\/product_tag?post=91692"}],"curies":[{"name":"wp","href":"https:\/\/api.w.org\/{rel}","templated":true}]}}