{"id":91361,"date":"2024-03-20T16:34:54","date_gmt":"2024-03-20T15:34:54","guid":{"rendered":"https:\/\/kustomshop.kinsta.cloud\/produkt\/progress-pant-w\/"},"modified":"2026-03-27T15:38:35","modified_gmt":"2026-03-27T14:38:35","slug":"progress-pant-w","status":"publish","type":"product","link":"https:\/\/shop.kustom.ch\/en\/product\/progress-pant-w\/","title":{"rendered":"Progress Pant W"},"content":{"rendered":"<p>Elasticated training trousers made of functional material with excellent moisture transport for maximum performance. Tight fit and zips at the leg ends. Side pockets with zip. Elasticated waistband with drawstring. Feminine cut.<\/p>\n<p>Material: 100 % polyester<\/p>","protected":false},"excerpt":{"rendered":"<p>Elastische Trainingshose aus funktionellem Material mit hervorragenden Feuchtigkeitstransport f\u00fcr maximale Leistung. Enge Passform und Reissverschl\u00fcssen an den Beinabschl\u00fcssen. Seitentaschen mit Reissverschluss. Elastischer Bund mit Kordelzug. Weiblicher Schnitt. Material: 100 % Polyester<\/p>","protected":false},"featured_media":247982,"template":"","meta":[],"product_brand":[],"product_cat":[4185],"product_tag":[],"class_list":{"0":"post-91361","1":"product","2":"type-product","3":"status-publish","4":"has-post-thumbnail","6":"product_cat-hosen","7":"pa_brand-craft-teamwear","8":"pa_brand-type-sportswear","9":"pa_filter-color-blau","10":"pa_filter-color-schwarz","11":"pa_filter-color-weiss","13":"first","14":"instock","15":"sale","16":"taxable","17":"shipping-taxable","18":"purchasable","19":"product-type-variable","20":"add-to-wishlist-before_image"},"exclude_global_add_ons":[],"addons":[],"acf":[],"_links":{"self":[{"href":"https:\/\/shop.kustom.ch\/en\/wp-json\/wp\/v2\/product\/91361"}],"collection":[{"href":"https:\/\/shop.kustom.ch\/en\/wp-json\/wp\/v2\/product"}],"about":[{"href":"https:\/\/shop.kustom.ch\/en\/wp-json\/wp\/v2\/types\/product"}],"wp:featuredmedia":[{"embeddable":true,"href":"https:\/\/shop.kustom.ch\/en\/wp-json\/wp\/v2\/media\/247982"}],"wp:attachment":[{"href":"https:\/\/shop.kustom.ch\/en\/wp-json\/wp\/v2\/media?parent=91361"}],"wp:term":[{"taxonomy":"product_brand","embeddable":true,"href":"https:\/\/shop.kustom.ch\/en\/wp-json\/wp\/v2\/product_brand?post=91361"},{"taxonomy":"product_cat","embeddable":true,"href":"https:\/\/shop.kustom.ch\/en\/wp-json\/wp\/v2\/product_cat?post=91361"},{"taxonomy":"product_tag","embeddable":true,"href":"https:\/\/shop.kustom.ch\/en\/wp-json\/wp\/v2\/product_tag?post=91361"}],"curies":[{"name":"wp","href":"https:\/\/api.w.org\/{rel}","templated":true}]}}