{"id":90846,"date":"2024-03-20T16:32:59","date_gmt":"2024-03-20T15:32:59","guid":{"rendered":"https:\/\/kustomshop.kinsta.cloud\/produkt\/squad-gk-ls-jersey-w\/"},"modified":"2026-03-27T15:24:58","modified_gmt":"2026-03-27T14:24:58","slug":"squad-gk-ls-jersey-w","status":"publish","type":"product","link":"https:\/\/shop.kustom.ch\/en\/product\/squad-gk-ls-jersey-w\/","title":{"rendered":"Squad GK LS Jersey W"},"content":{"rendered":"<p>Want to give your all and protect your team from conceding goals? - You're sure to succeed with the Squad long-sleeved jersey. The comfortable material protects your body from cooling down and getting wet during short periods of rest. At the same time, the jersey offers unrestricted freedom of movement and the elbow pads easily cushion any impact.<\/p>\n<p>Material: 100 % polyester<\/p>","protected":false},"excerpt":{"rendered":"<p>Du willst alles geben und deine Mannschaft vor Gegentoren sch\u00fctzen? &#8211; Es gelingt dir sicher mit dem Squad Langarmtrikot. Das angenehme Material sch\u00fctzt deinen K\u00f6rper vor Ausk\u00fchlung und einem N\u00e4ssegef\u00fchl, w\u00e4hrend kurzer Ruhephasen. Gleichzeitig bietet das Trikot uneingeschr\u00e4nkte Bewegungsfreiheit und die Ellbogenpolster federn einen Aufprall leicht ab. Material: 100 % Polyester<\/p>","protected":false},"featured_media":247894,"template":"","meta":[],"product_brand":[],"product_cat":[4191],"product_tag":[],"class_list":{"0":"post-90846","1":"product","2":"type-product","3":"status-publish","4":"has-post-thumbnail","6":"product_cat-longsleeves-sweatshirts","7":"pa_brand-craft-teamwear","8":"pa_brand-type-sportswear","9":"pa_filter-color-gelb","10":"pa_filter-color-gruen","11":"pa_filter-color-pink","13":"first","14":"instock","15":"sale","16":"taxable","17":"shipping-taxable","18":"purchasable","19":"product-type-variable","20":"add-to-wishlist-before_image"},"exclude_global_add_ons":[],"addons":[],"acf":[],"_links":{"self":[{"href":"https:\/\/shop.kustom.ch\/en\/wp-json\/wp\/v2\/product\/90846"}],"collection":[{"href":"https:\/\/shop.kustom.ch\/en\/wp-json\/wp\/v2\/product"}],"about":[{"href":"https:\/\/shop.kustom.ch\/en\/wp-json\/wp\/v2\/types\/product"}],"wp:featuredmedia":[{"embeddable":true,"href":"https:\/\/shop.kustom.ch\/en\/wp-json\/wp\/v2\/media\/247894"}],"wp:attachment":[{"href":"https:\/\/shop.kustom.ch\/en\/wp-json\/wp\/v2\/media?parent=90846"}],"wp:term":[{"taxonomy":"product_brand","embeddable":true,"href":"https:\/\/shop.kustom.ch\/en\/wp-json\/wp\/v2\/product_brand?post=90846"},{"taxonomy":"product_cat","embeddable":true,"href":"https:\/\/shop.kustom.ch\/en\/wp-json\/wp\/v2\/product_cat?post=90846"},{"taxonomy":"product_tag","embeddable":true,"href":"https:\/\/shop.kustom.ch\/en\/wp-json\/wp\/v2\/product_tag?post=90846"}],"curies":[{"name":"wp","href":"https:\/\/api.w.org\/{rel}","templated":true}]}}